{"id":94,"date":"2025-04-21T12:05:32","date_gmt":"2025-04-21T09:05:32","guid":{"rendered":"https:\/\/www.ozanseymen.com\/tr\/?page_id=94"},"modified":"2025-04-21T12:05:32","modified_gmt":"2025-04-21T09:05:32","slug":"kvkk-ilgili-kisi-basvurusu","status":"publish","type":"page","link":"https:\/\/www.ozanseymen.com\/tr\/kvkk-ilgili-kisi-basvurusu\/","title":{"rendered":"KVKK \u0130lgili Ki\u015fi Ba\u015fvurusu"},"content":{"rendered":"<p>6698 say\u0131l\u0131 Ki\u015fisel Verilerin Korunmas\u0131 Kanunu\u2019nun 11. maddesinde say\u0131lan haklar\u0131n\u0131za ve bu haklar\u0131n kullan\u0131m \u015fekline taraf\u0131n\u0131za yap\u0131lan Ayd\u0131nlatma Metninden ula\u015fabilir, haklar\u0131n\u0131z kapsam\u0131ndaki taleplerinizi, Ba\u015fvuru Formu\u2019nu eksiksiz doldurarak a\u015fa\u011f\u0131da a\u00e7\u0131klanan y\u00f6ntemlerden biriyle firmam\u0131za iletebilirsiniz.<\/p>\n<p><strong>\u0130adeli Taahh\u00fctl\u00fc Posta veya Noter Arac\u0131l\u0131\u011f\u0131yla Tebligat yoluyla ya da \u015eahsen yap\u0131lacak ba\u015fvurularda;<\/strong><br \/>\nBa\u015fvuru formunu doldurup imzalad\u0131ktan sonra zarf\u0131n\u0131n\/tebligat\u0131n \u00fczerine \u201cKi\u015fisel Verilerin Korunmas\u0131 Kanunu Kapsam\u0131nda Ba\u015fvuru\u201d yazarak Barbaros Mahallesi, Ak Zambak Sokak, UpHill Tower, B Kule, Kat: 13, Daire: 74, Ata\u015fehir \u2013 \u0130stanbul adresine ba\u015fvurabilirsiniz.<\/p>\n<p><strong>Elektronik Posta yoluyla ba\u015fvurularda;<\/strong><br \/>\nBa\u015fvuru formunu doldurup imzalad\u0131ktan sonra \u015firketimizin sisteminde kay\u0131tl\u0131 bulunan elektronik posta adresinizi kullanarak info@ozanseymen.com adresine e-posta g\u00f6nderebilirsiniz. E-postan\u0131n konu k\u0131sm\u0131na \u201cKi\u015fisel Verilerin Korunmas\u0131 Kanunu Kapsam\u0131nda Ba\u015fvuru\u201d yaz\u0131lmal\u0131d\u0131r.<br \/>\nYap\u0131lacak ba\u015fvurularda, ba\u015fvuru sahibinin kimli\u011fini belgelemesi zorunludur.<br \/>\nTaraf\u0131m\u0131za iletilmi\u015f olan ba\u015fvurular\u0131n\u0131z, talebinizin bizlere ula\u015ft\u0131\u011f\u0131 tarihten itibaren en k\u0131sa s\u00fcrede ve en ge\u00e7 30 (otuz) g\u00fcn i\u00e7inde tercihinize g\u00f6re yaz\u0131l\u0131 olarak veya elektronik ortam \u00fczerinden yan\u0131tland\u0131r\u0131lacakt\u0131r.<\/p>\n<p><strong>Haklar\u0131n\u0131z nelerdir?<\/strong><br \/>\n\u2022 Ki\u015fisel verinizin i\u015flenip i\u015flenmedi\u011fini \u00f6\u011frenme,<br \/>\n\u2022 Ki\u015fisel verileriniz i\u015flenmi\u015fse buna ili\u015fkin bilgi talep etme,<br \/>\n\u2022 Ki\u015fisel verilerinizin i\u015flenme amac\u0131n\u0131 ve bunlar\u0131n amac\u0131na uygun kullan\u0131l\u0131p kullan\u0131lmad\u0131\u011f\u0131n\u0131 \u00f6\u011frenme,<br \/>\n\u2022 Yurt i\u00e7inde veya yurt d\u0131\u015f\u0131nda ki\u015fisel verilerinizin aktar\u0131ld\u0131\u011f\u0131 \u00fc\u00e7\u00fcnc\u00fc ki\u015fileri bilme,<br \/>\n\u2022 Ki\u015fisel verilerinizin eksik veya yanl\u0131\u015f i\u015flenmi\u015f olmas\u0131 h\u00e2linde bunlar\u0131n d\u00fczeltilmesini isteme ve bu kapsamda yap\u0131lan i\u015flemin ki\u015fisel verilerinizin aktar\u0131ld\u0131\u011f\u0131 \u00fc\u00e7\u00fcnc\u00fc ki\u015filere bildirilmesini isteme,<br \/>\n\u2022 Kanun ve ilgili di\u011fer kanun h\u00fck\u00fcmlerine uygun olarak i\u015flenmi\u015f olmas\u0131na ra\u011fmen, i\u015flenmesini gerektiren sebeplerin ortadan kalkmas\u0131 h\u00e2linde ki\u015fisel verilerinizin silinmesini veya yok edilmesini isteme ve bu kapsamda yap\u0131lan i\u015flemin ki\u015fisel verilerinizin aktar\u0131ld\u0131\u011f\u0131 \u00fc\u00e7\u00fcnc\u00fc ki\u015filere bildirilmesini isteme,<br \/>\n\u2022 \u0130\u015flenen verilerinizin m\u00fcnhas\u0131ran otomatik sistemler vas\u0131tas\u0131yla analiz edilmesi suretiyle ki\u015finin kendisi aleyhine bir sonucun ortaya \u00e7\u0131kmas\u0131na itiraz etme,<br \/>\n\u2022 Ki\u015fisel verilerinizin kanuna ayk\u0131r\u0131 olarak i\u015flenmesi sebebiyle zarara u\u011framan\u0131z h\u00e2linde zarar\u0131n giderilmesini talep etme.<\/p>\n","protected":false},"excerpt":{"rendered":"<p>6698 say\u0131l\u0131 Ki\u015fisel Verilerin Korunmas\u0131 Kanunu\u2019nun 11. maddesinde say\u0131lan haklar\u0131n\u0131za ve bu haklar\u0131n kullan\u0131m \u015fekline taraf\u0131n\u0131za yap\u0131lan Ayd\u0131nlatma Metninden ula\u015fabilir, haklar\u0131n\u0131z kapsam\u0131ndaki taleplerinizi, Ba\u015fvuru Formu\u2019nu eksiksiz doldurarak a\u015fa\u011f\u0131da a\u00e7\u0131klanan y\u00f6ntemlerden biriyle firmam\u0131za iletebilirsiniz. \u0130adeli Taahh\u00fctl\u00fc Posta veya Noter Arac\u0131l\u0131\u011f\u0131yla Tebligat yoluyla ya da \u015eahsen yap\u0131lacak ba\u015fvurularda; Ba\u015fvuru formunu doldurup imzalad\u0131ktan sonra zarf\u0131n\u0131n\/tebligat\u0131n \u00fczerine \u201cKi\u015fisel Verilerin [&hellip;]<\/p>\n","protected":false},"author":1,"featured_media":0,"parent":0,"menu_order":0,"comment_status":"closed","ping_status":"closed","template":"","meta":{"footnotes":""},"class_list":["post-94","page","type-page","status-publish","hentry"],"_links":{"self":[{"href":"https:\/\/www.ozanseymen.com\/tr\/wp-json\/wp\/v2\/pages\/94","targetHints":{"allow":["GET"]}}],"collection":[{"href":"https:\/\/www.ozanseymen.com\/tr\/wp-json\/wp\/v2\/pages"}],"about":[{"href":"https:\/\/www.ozanseymen.com\/tr\/wp-json\/wp\/v2\/types\/page"}],"author":[{"embeddable":true,"href":"https:\/\/www.ozanseymen.com\/tr\/wp-json\/wp\/v2\/users\/1"}],"replies":[{"embeddable":true,"href":"https:\/\/www.ozanseymen.com\/tr\/wp-json\/wp\/v2\/comments?post=94"}],"version-history":[{"count":1,"href":"https:\/\/www.ozanseymen.com\/tr\/wp-json\/wp\/v2\/pages\/94\/revisions"}],"predecessor-version":[{"id":95,"href":"https:\/\/www.ozanseymen.com\/tr\/wp-json\/wp\/v2\/pages\/94\/revisions\/95"}],"wp:attachment":[{"href":"https:\/\/www.ozanseymen.com\/tr\/wp-json\/wp\/v2\/media?parent=94"}],"curies":[{"name":"wp","href":"https:\/\/api.w.org\/{rel}","templated":true}]}}