{"id":360,"date":"2025-04-24T12:38:25","date_gmt":"2025-04-24T09:38:25","guid":{"rendered":"https:\/\/www.ozanseymen.com\/tr\/?page_id=360"},"modified":"2025-04-24T12:38:25","modified_gmt":"2025-04-24T09:38:25","slug":"yurt-disindan-turkiyeye-gelen-hastalari-ne-gibi-bir-surec-bekliyor","status":"publish","type":"page","link":"https:\/\/www.ozanseymen.com\/tr\/yurt-disindan-turkiyeye-gelen-hastalari-ne-gibi-bir-surec-bekliyor\/","title":{"rendered":"Yurt D\u0131\u015f\u0131ndan T\u00fcrkiye\u2019ye Gelen Hastalar\u0131 Ne Gibi Bir S\u00fcre\u00e7 Bekliyor?"},"content":{"rendered":"<h4><strong>Yurt D\u0131\u015f\u0131ndan T\u00fcrkiye\u2019ye Gelen Hastalar\u0131 Ne Gibi Bir S\u00fcre\u00e7 Bekliyor?<\/strong><\/h4>\n<p>Yurt d\u0131\u015f\u0131ndan T\u00fcrkiye\u2019ye gelen hastalar\u0131m\u0131z i\u00e7in s\u00fcre\u00e7 olduk\u00e7a kolay ve g\u00fcvenlidir. T\u00fcrkiye\u2019ye var\u0131\u015f\u0131n\u0131zdan \u00f6nce, sizinle detayl\u0131 bir ileti\u015fim kurularak tedavi s\u00fcreci planlan\u0131r ve online g\u00f6r\u00fc\u015fme yap\u0131l\u0131r. Havaliman\u0131nda kar\u015f\u0131lanman\u0131zdan, konaklama ve ula\u015f\u0131m d\u00fczenlemelerine kadar t\u00fcm detaylar titizlikle organize edilir.<\/p>\n<p>Tedavi \u00f6ncesi, y\u00fcz y\u00fcze bir dan\u0131\u015fma ile durumunuz de\u011ferlendirilir ve size \u00f6zel bir tedavi plan\u0131 haz\u0131rlan\u0131r. Tedavi s\u0131ras\u0131nda ve sonras\u0131nda da s\u00fcrekli destek sunulur, b\u00f6ylece t\u00fcm s\u00fcre\u00e7 boyunca g\u00fcvende ve rahat hissedersiniz.<\/p>\n<p><strong>Yurt D\u0131\u015f\u0131ndan T\u00fcrkiye\u2019ye Gelen Hastalar Neden Prof. Dr. Ozan Seymen Sezen\u2019i Tercih Etmeli?<\/strong><\/p>\n<p>Prof. Dr. Ozan Seymen Sezen, KBB, ba\u015f ve boyun cerrahisi alan\u0131nda d\u00fcnya \u00e7ap\u0131nda tan\u0131nm\u0131\u015f bir uzmand\u0131r. Geni\u015f deneyimi, modern t\u0131bbi teknikler ve hasta odakl\u0131 yakla\u015f\u0131m\u0131 ile uluslararas\u0131 alanda da g\u00fcvenilir bir isim haline gelmi\u015ftir.<\/p>\n<p>Kulak Burun Bo\u011faz Cerrahisi\u2019nin, kanserler dahil t\u00fcm ameliyatlar\u0131na hakim oldu\u011fu i\u00e7in tedaviniz daha ayr\u0131nt\u0131l\u0131 bir perspektiften planlan\u0131r. Bilimsel geli\u015fmeleri yak\u0131ndan takip eder ve en son modern teknikleri uygular. Prof. Dr. Sezen, her hastas\u0131n\u0131n \u00f6zel ihtiya\u00e7lar\u0131na g\u00f6re en uygun tedavi y\u00f6ntemlerini belirler ve uygulad\u0131\u011f\u0131 yenilik\u00e7i cerrahi tekniklerle estetik ve fonksiyonel olarak en iyi sonu\u00e7lar\u0131 elde eder.<\/p>\n<p>Ayr\u0131ca, tedavi s\u00fcreciniz boyunca s\u00fcrekli ileti\u015fim ve destek sunarak, T\u00fcrkiye\u2019de ald\u0131\u011f\u0131n\u0131z hizmetin her a\u015famas\u0131nda g\u00fcvende olman\u0131z\u0131 sa\u011flar. Bu \u00f6zellikleri sayesinde yurt d\u0131\u015f\u0131ndan gelen hastalar i\u00e7in en iyi tercih\u00a0olmaktad\u0131r.<\/p>\n","protected":false},"excerpt":{"rendered":"<p>Yurt D\u0131\u015f\u0131ndan T\u00fcrkiye\u2019ye Gelen Hastalar\u0131 Ne Gibi Bir S\u00fcre\u00e7 Bekliyor? Yurt d\u0131\u015f\u0131ndan T\u00fcrkiye\u2019ye gelen hastalar\u0131m\u0131z i\u00e7in s\u00fcre\u00e7 olduk\u00e7a kolay ve g\u00fcvenlidir. T\u00fcrkiye\u2019ye var\u0131\u015f\u0131n\u0131zdan \u00f6nce, sizinle detayl\u0131 bir ileti\u015fim kurularak tedavi s\u00fcreci planlan\u0131r ve online g\u00f6r\u00fc\u015fme yap\u0131l\u0131r. Havaliman\u0131nda kar\u015f\u0131lanman\u0131zdan, konaklama ve ula\u015f\u0131m d\u00fczenlemelerine kadar t\u00fcm detaylar titizlikle organize edilir. Tedavi \u00f6ncesi, y\u00fcz y\u00fcze bir dan\u0131\u015fma ile [&hellip;]<\/p>\n","protected":false},"author":1,"featured_media":0,"parent":0,"menu_order":0,"comment_status":"closed","ping_status":"closed","template":"","meta":{"footnotes":""},"class_list":["post-360","page","type-page","status-publish","hentry"],"_links":{"self":[{"href":"https:\/\/www.ozanseymen.com\/tr\/wp-json\/wp\/v2\/pages\/360","targetHints":{"allow":["GET"]}}],"collection":[{"href":"https:\/\/www.ozanseymen.com\/tr\/wp-json\/wp\/v2\/pages"}],"about":[{"href":"https:\/\/www.ozanseymen.com\/tr\/wp-json\/wp\/v2\/types\/page"}],"author":[{"embeddable":true,"href":"https:\/\/www.ozanseymen.com\/tr\/wp-json\/wp\/v2\/users\/1"}],"replies":[{"embeddable":true,"href":"https:\/\/www.ozanseymen.com\/tr\/wp-json\/wp\/v2\/comments?post=360"}],"version-history":[{"count":1,"href":"https:\/\/www.ozanseymen.com\/tr\/wp-json\/wp\/v2\/pages\/360\/revisions"}],"predecessor-version":[{"id":361,"href":"https:\/\/www.ozanseymen.com\/tr\/wp-json\/wp\/v2\/pages\/360\/revisions\/361"}],"wp:attachment":[{"href":"https:\/\/www.ozanseymen.com\/tr\/wp-json\/wp\/v2\/media?parent=360"}],"curies":[{"name":"wp","href":"https:\/\/api.w.org\/{rel}","templated":true}]}}