{"id":142,"date":"2025-04-21T12:53:47","date_gmt":"2025-04-21T09:53:47","guid":{"rendered":"https:\/\/www.ozanseymen.com\/tr\/?page_id=142"},"modified":"2025-04-22T15:12:13","modified_gmt":"2025-04-22T12:12:13","slug":"kose-yazilari","status":"publish","type":"page","link":"https:\/\/www.ozanseymen.com\/tr\/kose-yazilari\/","title":{"rendered":"K\u00f6\u015fe Yaz\u0131lar\u0131"},"content":{"rendered":"<div id=\"ez-toc-container\" class=\"ez-toc-v2_0_82_2 counter-flat ez-toc-counter ez-toc-grey ez-toc-container-direction\">\n<div class=\"ez-toc-title-container\">\n<p class=\"ez-toc-title\" style=\"cursor:inherit\">\u0130\u00e7indekiler<\/p>\n<span class=\"ez-toc-title-toggle\"><a href=\"#\" class=\"ez-toc-pull-right ez-toc-btn ez-toc-btn-xs ez-toc-btn-default ez-toc-toggle\" aria-label=\"\u0130\u00e7indekiler Tablosunu A\u00e7\/Kapat\"><span class=\"ez-toc-js-icon-con\"><span class=\"\"><span class=\"eztoc-hide\" style=\"display:none;\">Toggle<\/span><span class=\"ez-toc-icon-toggle-span\"><svg style=\"fill: #999;color:#999\" xmlns=\"http:\/\/www.w3.org\/2000\/svg\" class=\"list-377408\" width=\"20px\" height=\"20px\" viewBox=\"0 0 24 24\" fill=\"none\"><path d=\"M6 6H4v2h2V6zm14 0H8v2h12V6zM4 11h2v2H4v-2zm16 0H8v2h12v-2zM4 16h2v2H4v-2zm16 0H8v2h12v-2z\" fill=\"currentColor\"><\/path><\/svg><svg style=\"fill: #999;color:#999\" class=\"arrow-unsorted-368013\" xmlns=\"http:\/\/www.w3.org\/2000\/svg\" width=\"10px\" height=\"10px\" viewBox=\"0 0 24 24\" version=\"1.2\" baseProfile=\"tiny\"><path d=\"M18.2 9.3l-6.2-6.3-6.2 6.3c-.2.2-.3.4-.3.7s.1.5.3.7c.2.2.4.3.7.3h11c.3 0 .5-.1.7-.3.2-.2.3-.5.3-.7s-.1-.5-.3-.7zM5.8 14.7l6.2 6.3 6.2-6.3c.2-.2.3-.5.3-.7s-.1-.5-.3-.7c-.2-.2-.4-.3-.7-.3h-11c-.3 0-.5.1-.7.3-.2.2-.3.5-.3.7s.1.5.3.7z\"\/><\/svg><\/span><\/span><\/span><\/a><\/span><\/div>\n<nav><ul class='ez-toc-list ez-toc-list-level-1 eztoc-toggle-hide-by-default' ><li class='ez-toc-page-1'><a class=\"ez-toc-link ez-toc-heading-1\" href=\"https:\/\/www.ozanseymen.com\/tr\/kose-yazilari\/#Prof_Dr_Ozan_Seymen_Sezenin_ulusal_basinda_yer_alan_tum_kose_yazilarini_ve_makalelerini_bu_sayfadan_takip_edebilirsiniz\" >Prof. Dr. Ozan Seymen Sezen\u2019in ulusal bas\u0131nda yer alan t\u00fcm k\u00f6\u015fe yaz\u0131lar\u0131n\u0131 ve makalelerini bu sayfadan takip edebilirsiniz.<\/a><\/li><li class='ez-toc-page-1'><a class=\"ez-toc-link ez-toc-heading-2\" href=\"https:\/\/www.ozanseymen.com\/tr\/kose-yazilari\/#Hurriyet_Gazetesi_%E2%80%93_Mahmure_Kosesi\" >H\u00fcrriyet Gazetesi \u2013 Mahmure K\u00f6\u015fesi<\/a><\/li><li class='ez-toc-page-1'><a class=\"ez-toc-link ez-toc-heading-3\" href=\"https:\/\/www.ozanseymen.com\/tr\/kose-yazilari\/#Milliyet_Gazetesi_%E2%80%93_Pembe_Nar_%E2%80%9CYuz_Mimari%E2%80%9D_Kosesi\" >Milliyet Gazetesi \u2013 Pembe Nar \u201cY\u00fcz Mimar\u0131\u201d K\u00f6\u015fesi<\/a><\/li><li class='ez-toc-page-1'><a class=\"ez-toc-link ez-toc-heading-4\" href=\"https:\/\/www.ozanseymen.com\/tr\/kose-yazilari\/#Mynetcom_Kosesi\" >Mynet.com K\u00f6\u015fesi<\/a><\/li><\/ul><\/nav><\/div>\n<h2><span class=\"ez-toc-section\" id=\"Prof_Dr_Ozan_Seymen_Sezenin_ulusal_basinda_yer_alan_tum_kose_yazilarini_ve_makalelerini_bu_sayfadan_takip_edebilirsiniz\"><\/span><strong>Prof. Dr. Ozan Seymen Sezen\u2019in ulusal bas\u0131nda yer alan t\u00fcm k\u00f6\u015fe yaz\u0131lar\u0131n\u0131 ve makalelerini bu sayfadan takip edebilirsiniz.<\/strong><span class=\"ez-toc-section-end\"><\/span><\/h2>\n<p><img loading=\"lazy\" decoding=\"async\" class=\"alignnone size-full wp-image-334\" src=\"https:\/\/www.ozanseymen.com\/tr\/wp-content\/uploads\/2025\/04\/prof-dr-ozan-seymen-sezen-kose-yazilari.jpg\" alt=\"\" width=\"1024\" height=\"564\" title=\"\" srcset=\"https:\/\/www.ozanseymen.com\/tr\/wp-content\/uploads\/2025\/04\/prof-dr-ozan-seymen-sezen-kose-yazilari.jpg 1024w, https:\/\/www.ozanseymen.com\/tr\/wp-content\/uploads\/2025\/04\/prof-dr-ozan-seymen-sezen-kose-yazilari-300x165.jpg 300w, https:\/\/www.ozanseymen.com\/tr\/wp-content\/uploads\/2025\/04\/prof-dr-ozan-seymen-sezen-kose-yazilari-768x423.jpg 768w\" sizes=\"auto, (max-width: 1024px) 100vw, 1024px\" \/><\/p>\n<h3><span class=\"ez-toc-section\" id=\"Hurriyet_Gazetesi_%E2%80%93_Mahmure_Kosesi\"><\/span><strong>H\u00fcrriyet Gazetesi \u2013 Mahmure K\u00f6\u015fesi<\/strong><span class=\"ez-toc-section-end\"><\/span><\/h3>\n<p>25 Ocak 2020 \u2013\u00a0<a href=\"https:\/\/www.hurriyet.com.tr\/mahmure\/yazarlar\/ozan-seymen-sezen\/bu-mevsimde-enfeksiyon-riskine-dikkat-41426263\" target=\"_blank\" rel=\"noopener\">Bu Mevsimde Enfeksiyon Riskine Dikkat<\/a><\/p>\n<p>18 Eyl\u00fcl 2019 \u2013\u00a0<a href=\"http:\/\/www.hurriyet.com.tr\/mahmure\/yazarlar\/ozan-seymen-sezen\/liplift-dudak-kaldirma-nedir-kimlere-uygulanir-41332085\" target=\"_blank\" rel=\"noopener\">Liplift (Dudak Kald\u0131rma) Nedir? Kimlere Uygulan\u0131r?<\/a><\/p>\n<p>21 A\u011fustos 2019 \u2013\u00a0<a href=\"http:\/\/www.hurriyet.com.tr\/mahmure\/yazarlar\/ozan-seymen-sezen\/erkeklerde-cene-maskulen-yapinin-simgesi-35127202\" target=\"_blank\" rel=\"noopener\">Erkeklerde \u00c7ene, Mask\u00fclen Yap\u0131n\u0131n Simgesi<\/a><\/p>\n<p>20 Haziran 2019 \u2013\u00a0<a href=\"http:\/\/www.hurriyet.com.tr\/mahmure\/yazarlar\/ozan-seymen-sezen\/yaz-mevsiminde-burun-ameliyati-olmak-sakincali-midir-35125723\" target=\"_blank\" rel=\"noopener\">Yaz Mevsiminde \u201cBurun Ameliyat\u0131\u201d Olmak Sak\u0131ncal\u0131 m\u0131d\u0131r?<\/a><\/p>\n<p>14 May\u0131s 2019 \u2013\u00a0<a href=\"http:\/\/www.hurriyet.com.tr\/mahmure\/yazarlar\/ozan-seymen-sezen\/otoskleroz-hastaligi-nedir-35124894\" target=\"_blank\" rel=\"noopener\">\u2018Otoskleroz\u2019 Hastal\u0131\u011f\u0131 Nedir?<\/a><\/p>\n<p>14 Mart 2019 \u2013\u00a0<a href=\"http:\/\/www.hurriyet.com.tr\/mahmure\/yazarlar\/ozan-seymen-sezen\/horlama-nedenleri-nelerdir-horlama-nasil-tedavi-edilir-35123428\" target=\"_blank\" rel=\"noopener\">Horlama Nedenleri Nelerdir? Horlama Nas\u0131l Tedavi Edilir?<\/a><\/p>\n<p>26 \u015eubat 2019 \u2013\u00a0<a href=\"http:\/\/www.hurriyet.com.tr\/mahmure\/yazarlar\/ozan-seymen-sezen\/burun-ameliyatina-bakis-degisti-35122993\" target=\"_blank\" rel=\"noopener\">Burun Ameliyat\u0131na Bak\u0131\u015f De\u011fi\u015fti<\/a><\/p>\n<h3><span class=\"ez-toc-section\" id=\"Milliyet_Gazetesi_%E2%80%93_Pembe_Nar_%E2%80%9CYuz_Mimari%E2%80%9D_Kosesi\"><\/span><strong>Milliyet Gazetesi \u2013 Pembe Nar \u201cY\u00fcz Mimar\u0131\u201d K\u00f6\u015fesi<\/strong><span class=\"ez-toc-section-end\"><\/span><\/h3>\n<p>15 Nisan 2020 \u2013\u00a0<a href=\"https:\/\/www.milliyet.com.tr\/pembenar\/prof-dr-ozan-seymen-sezen\/koronavirus-hakkinda-bilmeniz-gerekenler-2910725\" target=\"_blank\" rel=\"noopener\">Koronavir\u00fcs Hakk\u0131nda Bilmeniz Gerekenler<\/a><\/p>\n<p>3 Mart 2020 \u2013\u00a0<a href=\"https:\/\/www.milliyet.com.tr\/pembenar\/prof-dr-ozan-seymen-sezen\/cilt-yenilemede-dermapen-2910065\" target=\"_blank\" rel=\"noopener\">Cilt Yenilemede Dermapen<\/a><\/p>\n<p>23 Ocak 2020 \u2013\u00a0<a href=\"https:\/\/www.milliyet.com.tr\/pembenar\/prof-dr-ozan-seymen-sezen\/mevsimi-geldi-dikkat-2909391\" target=\"_blank\" rel=\"noopener\">Mevsimi Geldi, Dikkat!<\/a><\/p>\n<p>14 Aral\u0131k 2019 \u2013\u00a0<a href=\"https:\/\/www.milliyet.com.tr\/pembenar\/prof-dr-ozan-seymen-sezen\/bademcigin-gorevleri-2908919\" target=\"_blank\" rel=\"noopener\">Bademci\u011fin G\u00f6revleri<\/a><\/p>\n<p>31 Ekim 2019 \u2013\u00a0<a href=\"http:\/\/www.milliyet.com.tr\/pembenar\/doc-dr-ozan-seymen-sezen\/horlamanin-nedenleri-2908113\" target=\"_blank\" rel=\"noopener\">Horlaman\u0131n Nedenleri<\/a><\/p>\n<p>17 Eyl\u00fcl 2019 \u2013\u00a0<a href=\"http:\/\/www.milliyet.com.tr\/pembenar\/doc-dr-ozan-seymen-sezen\/sonbahar-alerjisine-dikkat-2907351\" target=\"_blank\" rel=\"noopener\">Sonbahar Alerjisine Dikkat<\/a><\/p>\n<p>5 A\u011fustos 2019 \u2013\u00a0<a href=\"http:\/\/www.milliyet.com.tr\/pembenar\/doc-dr-ozan-seymen-sezen\/serinlerken-dikkat-2906703\" target=\"_blank\" rel=\"noopener\">Serinlerken Dikkat<\/a><\/p>\n<p>24 Temmuz 2019 \u2013\u00a0<a href=\"http:\/\/www.milliyet.com.tr\/pembenar\/doc-dr-ozan-seymen-sezen\/lohusalikta-estetik-2906564\" target=\"_blank\" rel=\"noopener\">Lohusal\u0131kta Estetik<\/a><\/p>\n<p>27 Haziran 2019 \u2013\u00a0<a href=\"http:\/\/www.milliyet.com.tr\/pembenar\/doc-dr-ozan-seymen-sezen\/bir-asirlik-estetik-cerrahi-2895997\" target=\"_blank\" rel=\"noopener\">Bir As\u0131rl\u0131k Estetik Cerrahi<\/a><\/p>\n<p>18 Haziran 2019 \u2013\u00a0<a href=\"http:\/\/www.milliyet.com.tr\/pembenar\/doc-dr-ozan-seymen-sezen\/turkiye-estetikte-marka-2891833\" target=\"_blank\" rel=\"noopener\">T\u00fcrkiye Estetikte Marka<\/a><\/p>\n<p>9 Haziran 2019 \u2013\u00a0<a href=\"http:\/\/www.milliyet.com.tr\/pembenar\/doc-dr-ozan-seymen-sezen\/yaz-mevsiminde-burun-ameliyati-2887328\" target=\"_blank\" rel=\"noopener\">Yaz Mevsiminde Burun Ameliyat\u0131<\/a><\/p>\n<p>12 May\u0131s 2019 \u2013\u00a0<a href=\"http:\/\/www.milliyet.com.tr\/pembenar\/doc-dr-ozan-seymen-sezen\/burun-konkalarinin-gorevleri-2873252\" target=\"_blank\" rel=\"noopener\">Burun Konkalar\u0131n\u0131n G\u00f6revleri<\/a><\/p>\n<p>29 Nisan 2019 \u2013\u00a0<a href=\"http:\/\/www.milliyet.com.tr\/pembenar\/doc-dr-ozan-seymen-sezen\/tukuruk-bezi-tumorleri-2866498\" target=\"_blank\" rel=\"noopener\">T\u00fck\u00fcr\u00fck Bezi T\u00fcm\u00f6rleri<\/a><\/p>\n<p>24 Mart 2019 \u2013\u00a0<a href=\"http:\/\/www.milliyet.com.tr\/pembenar\/doc-dr-ozan-seymen-sezen\/erkekler-ve-estetik-2847944\" target=\"_blank\" rel=\"noopener\">Erkekler ve Estetik<\/a><\/p>\n<p>15 Mart 2019 \u2013\u00a0<a href=\"http:\/\/www.milliyet.com.tr\/pembenar\/doc-dr-ozan-seymen-sezen\/horlama-problemi-neden-olur-2842627\" target=\"_blank\" rel=\"noopener\">Horlama Problemi Neden Olur?<\/a><\/p>\n<p>24 \u015eubat 2019 \u2013\u00a0<a href=\"http:\/\/www.milliyet.com.tr\/pembenar\/doc-dr-ozan-seymen-sezen\/bademcik-iltihabina-dikkat-2833344\" target=\"_blank\" rel=\"noopener\">Bademcik \u0130ltihab\u0131na Dikkat!<\/a><\/p>\n<p>28 Ocak 2019 \u2013\u00a0<a href=\"http:\/\/www.milliyet.com.tr\/pembenar\/doc-dr-ozan-seymen-sezen\/estetik-ameliyatina-hazirlik-2819199\" target=\"_blank\" rel=\"noopener\">Estetik Ameliyat\u0131na Haz\u0131rl\u0131k<\/a><\/p>\n<p>15 Ocak 2019 \u2013\u00a0<a href=\"http:\/\/www.milliyet.com.tr\/septoplasti-nedir--pembenar-yazardetay-saglik-2811832\/\" target=\"_blank\" rel=\"noopener\">Septoplasti Nedir?<\/a><\/p>\n<p>03 Ocak 2019 \u2013\u00a0<a href=\"http:\/\/www.milliyet.com.tr\/-otoskleroz--hastaligi-nedir--pembenar-yazardetay-saglik-2805561\/\" target=\"_blank\" rel=\"noopener\">\u2018Otoskleroz\u2019 Hastal\u0131\u011f\u0131 Nedir?<\/a><\/p>\n<p>27 Aral\u0131k 2018 \u2013\u00a0<a href=\"http:\/\/www.milliyet.com.tr\/profiloplasti-ile-altin-oran-pembenar-yazardetay-saglik-2802191\/\" target=\"_blank\" rel=\"noopener\">Profiloplasti ile Alt\u0131n Oran<\/a><\/p>\n<p>17 Aral\u0131k 2018 \u2013\u00a0<a href=\"http:\/\/www.milliyet.com.tr\/revizyon-burun-ameliyati-endise-yaratmasin-pembenar-yazardetay-saglik-2796702\/\" target=\"_blank\" rel=\"noopener\">Revizyon Burun Ameliyat\u0131 Endi\u015fe Yaratmas\u0131n<\/a><\/p>\n<p>23 Kas\u0131m 2018 \u2013\u00a0<a href=\"http:\/\/www.milliyet.com.tr\/yeni-cehre-icin-en-konforlu-yol--estetik-dolgu-pembenar-yazardetay-saglik-2783180\/\" target=\"_blank\" rel=\"noopener\">Yeni \u00c7ehre \u0130\u00e7in En Konforlu Yol: Estetik Dolgu<\/a><\/p>\n<p>15 Kas\u0131m 2018 \u2013\u00a0<a href=\"http:\/\/www.milliyet.com.tr\/burun-estetigi-olmak-isteyenler-icin-yol-haritasi-pembenar-yazardetay-saglik-2778640\/\" target=\"_blank\" rel=\"noopener\">Burun Esteti\u011fi Olmak \u0130steyenler \u0130\u00e7in Yol Haritas\u0131<\/a><\/p>\n<p>08 Kas\u0131m 2018 \u2013\u00a0<a href=\"http:\/\/www.milliyet.com.tr\/insanlarin-burun-estetigi-pembenar-yazardetay-saglik-2774600\/\" target=\"_blank\" rel=\"noopener\">\u0130nsanlar\u0131n Burun Esteti\u011fi Konusundaki Alg\u0131s\u0131 De\u011fi\u015fiyor<\/a><\/p>\n<p>24 Ekim 2018 \u2013\u00a0<a href=\"http:\/\/www.milliyet.com.tr\/liplift--dudak-kaldirma--nedir--kimlere-uygulanir--pembenar-yazardetay-saglik-2765908\/\" target=\"_blank\" rel=\"noopener\">Liplift (Dudak Kald\u0131rma) Nedir? Kimlere Uygulan\u0131r?<\/a><\/p>\n<p>22 Ekim 2018 \u2013\u00a0<a href=\"http:\/\/www.milliyet.com.tr\/yuzunuze-kendi-dokulariniz-ile-gelen-guzellik---yag-enjeksiyonu-pembenar-yazardetay-saglik-2764629\/\" target=\"_blank\" rel=\"noopener\">Y\u00fcz\u00fcn\u00fcze Kendi Dokular\u0131n\u0131z \u0130le Gelen G\u00fczellik : Ya\u011f Enjeksiyonu<\/a><\/p>\n<p>16 Ekim 2018 \u2013\u00a0<a href=\"http:\/\/www.milliyet.com.tr\/sinuzit-problemi-nedir--tedavisi-mumkun-mudur--pembenar-yazardetay-saglik-2761241\/\" target=\"_blank\" rel=\"noopener\">Sin\u00fczit Problemi Nedir? Tedavisi M\u00fcmk\u00fcn m\u00fcd\u00fcr?<\/a><\/p>\n<p>02 Ekim 2018 \u2013\u00a0<a href=\"http:\/\/www.milliyet.com.tr\/turkiye-de-burun-ameliyati-algisi-degisiyor-pembenar-yazardetay-saglik-2753034\/\" target=\"_blank\" rel=\"noopener\">T\u00fcrkiye\u2019de Burun Ameliyat\u0131 Alg\u0131s\u0131 De\u011fi\u015fiyor<\/a><\/p>\n<p>30 Temmuz 2018 \u2013\u00a0<a href=\"http:\/\/www.milliyet.com.tr\/burun-estetiginde-son-trendler----piezo-burun-estetigi-nedir--pembenar-yazardetay-saglik-2715708\/\" target=\"_blank\" rel=\"noopener\">Burun Esteti\u011finde Son Trendler\u2026 Piezo Burun Esteti\u011fi Nedir?<\/a><\/p>\n<h3><span class=\"ez-toc-section\" id=\"Mynetcom_Kosesi\"><\/span><strong>Mynet.com K\u00f6\u015fesi<\/strong><span class=\"ez-toc-section-end\"><\/span><\/h3>\n<p>16 Temmuz 2020 \u2013\u00a0<a href=\"https:\/\/www.mynet.com\/dermapen-hakkinda-bilmeniz-gerekenler-1253726-mykadin\" target=\"_blank\" rel=\"noopener\">Dermapen hakk\u0131nda bilmeniz gerekenler<\/a><\/p>\n<p>15 Nisan 2020 \u2013\u00a0<a href=\"https:\/\/www.mynet.com\/yeni-koronavirus-covid-19-hakkinda-bilmeniz-gerekenler-110106497164\" target=\"_blank\" rel=\"noopener\">Yeni koronavir\u00fcs (COVID-19) hakk\u0131nda bilmeniz gerekenler<\/a><\/p>\n<p>27 Ocak 2020 \u2013\u00a0<a href=\"https:\/\/www.mynet.com\/turkiye-estetik-konusunda-marka-1249110-mykadin\" target=\"_blank\" rel=\"noopener\">T\u00fcrkiye estetik konusunda marka<\/a><\/p>\n<p>30 Aral\u0131k 2019 \u2013<a href=\"https:\/\/www.mynet.com\/yeni-cehre-icin-en-konforlu-yol-estetik-dolgu-1248640-mykadin\" target=\"_blank\" rel=\"noopener\">\u00a0Yeni \u00e7ehre i\u00e7in en konforlu yol: Estetik Dolgu<\/a><\/p>\n<p>4 Kas\u0131m 2019 \u2013\u00a0<a href=\"https:\/\/www.mynet.com\/burun-estetigi-olmak-isteyenlerin-dikkat-etmesi-gerekenler-1245989-mykadin\" target=\"_blank\" rel=\"noopener\">Burun esteti\u011fi olmak isteyenlerin dikkat etmesi gerekenler<\/a><\/p>\n<p>18 Ekim 2019 \u2013\u00a0<a href=\"https:\/\/www.mynet.com\/kirisikliklarin-tek-sorumlusu-zaman-degil-1245322-mykadin\" target=\"_blank\" rel=\"noopener\">K\u0131r\u0131\u015f\u0131kl\u0131klar\u0131n tek sorumlusu zaman de\u011fil<\/a><\/p>\n<p>18 Eyl\u00fcl 2019 \u2013\u00a0<a href=\"https:\/\/www.mynet.com\/liplift-dudak-kaldirma-nedir-1243460-mykadin\" target=\"_blank\" rel=\"noopener\">Liplift (Dudak Kald\u0131rma) Nedir?<\/a><\/p>\n<p>23 Temmuz 2019 \u2013\u00a0<a href=\"https:\/\/www.mynet.com\/lohusalik-donemi-estetik-icin-uygun-bir-zaman-mi-1240457-mykadin\" target=\"_blank\" rel=\"noopener\">Lohusal\u0131k d\u00f6nemi estetik i\u00e7in uygun bir zaman m\u0131?<\/a><\/p>\n<p>14 May\u0131s 2019 \u2013\u00a0<a href=\"https:\/\/www.mynet.com\/burun-konkalarinin-gorevi-burun-etleri-neden-siser-buru-neti-ameliyati-ve-tedavisi-nasil-olur-190101156531\" target=\"_blank\" rel=\"noopener\">Burun konkalar\u0131n\u0131n g\u00f6revi! Burun etleri neden \u015fi\u015fer? Burun eti ameliyat\u0131 ve tedavisi nas\u0131l olur?<\/a><\/p>\n<p>2 May\u0131s 2019 \u2013\u00a0<a href=\"https:\/\/www.mynet.com\/yuzunuze-kendi-dokularinizla-gelen-guzellik-yag-enjeksiyonu-1231322-mykadin\" target=\"_blank\" rel=\"noopener\">Y\u00fcz\u00fcn\u00fcze kendi dokular\u0131n\u0131zla gelen g\u00fczellik: Ya\u011f Enjeksiyonu<\/a><\/p>\n<p>15 Nisan 2019 \u2013\u00a0<a href=\"https:\/\/www.mynet.com\/sinuzit-problemi-nedir-tedavisi-mumkun-mudur-1230672-mykadin\" target=\"_blank\" rel=\"noopener\">Sin\u00fczit problemi nedir, tedavisi m\u00fcmk\u00fcn m\u00fcd\u00fcr?<\/a><\/p>\n<p>28 Mart 2019 \u2013\u00a0<a href=\"https:\/\/www.mynet.com\/insanlar-burun-ameliyatina-artik-farkli-bakiyor-1229882-mykadin\" target=\"_blank\" rel=\"noopener\">\u0130nsanlar burun ameliyat\u0131na art\u0131k farkl\u0131 bak\u0131yor<\/a><\/p>\n<p>5 Mart 2019 \u2013\u00a0<a href=\"https:\/\/www.mynet.com\/burun-estetiginde-son-trend-piezo-1229080-mykadin\" target=\"_blank\" rel=\"noopener\">Burun esteti\u011finde son trend: Piezo<\/a><\/p>\n","protected":false},"excerpt":{"rendered":"<p>Prof. Dr. Ozan Seymen Sezen\u2019in ulusal bas\u0131nda yer alan t\u00fcm k\u00f6\u015fe yaz\u0131lar\u0131n\u0131 ve makalelerini bu sayfadan takip edebilirsiniz. H\u00fcrriyet Gazetesi \u2013 Mahmure K\u00f6\u015fesi 25 Ocak 2020 \u2013\u00a0Bu Mevsimde Enfeksiyon Riskine Dikkat 18 Eyl\u00fcl 2019 \u2013\u00a0Liplift (Dudak Kald\u0131rma) Nedir? Kimlere Uygulan\u0131r? 21 A\u011fustos 2019 \u2013\u00a0Erkeklerde \u00c7ene, Mask\u00fclen Yap\u0131n\u0131n Simgesi 20 Haziran 2019 \u2013\u00a0Yaz Mevsiminde \u201cBurun Ameliyat\u0131\u201d [&hellip;]<\/p>\n","protected":false},"author":1,"featured_media":0,"parent":0,"menu_order":0,"comment_status":"closed","ping_status":"closed","template":"","meta":{"footnotes":""},"class_list":["post-142","page","type-page","status-publish","hentry"],"_links":{"self":[{"href":"https:\/\/www.ozanseymen.com\/tr\/wp-json\/wp\/v2\/pages\/142","targetHints":{"allow":["GET"]}}],"collection":[{"href":"https:\/\/www.ozanseymen.com\/tr\/wp-json\/wp\/v2\/pages"}],"about":[{"href":"https:\/\/www.ozanseymen.com\/tr\/wp-json\/wp\/v2\/types\/page"}],"author":[{"embeddable":true,"href":"https:\/\/www.ozanseymen.com\/tr\/wp-json\/wp\/v2\/users\/1"}],"replies":[{"embeddable":true,"href":"https:\/\/www.ozanseymen.com\/tr\/wp-json\/wp\/v2\/comments?post=142"}],"version-history":[{"count":3,"href":"https:\/\/www.ozanseymen.com\/tr\/wp-json\/wp\/v2\/pages\/142\/revisions"}],"predecessor-version":[{"id":335,"href":"https:\/\/www.ozanseymen.com\/tr\/wp-json\/wp\/v2\/pages\/142\/revisions\/335"}],"wp:attachment":[{"href":"https:\/\/www.ozanseymen.com\/tr\/wp-json\/wp\/v2\/media?parent=142"}],"curies":[{"name":"wp","href":"https:\/\/api.w.org\/{rel}","templated":true}]}}