{"id":132,"date":"2025-04-21T12:52:49","date_gmt":"2025-04-21T09:52:49","guid":{"rendered":"https:\/\/www.ozanseymen.com\/tr\/?page_id=132"},"modified":"2025-04-28T14:43:23","modified_gmt":"2025-04-28T11:43:23","slug":"iletisim","status":"publish","type":"page","link":"https:\/\/www.ozanseymen.com\/tr\/iletisim\/","title":{"rendered":"\u0130leti\u015fim"},"content":{"rendered":"<div class=\"row\">\n<div class=\"col-md-6\">\n<iframe src=\"https:\/\/www.google.com\/maps\/embed?pb=!1m18!1m12!1m3!1d3012.959597462981!2d29.07823677644834!3d40.9604639223671!2m3!1f0!2f0!3f0!3m2!1i1024!2i768!4f13.1!3m3!1m2!1s0x14cac89e1097c5db%3A0xacb0ca37d81dcd70!2sProf.%20Dr.%20Ozan%20Seymen%20SEZEN%20-%20KBB%20Ba%C5%9F%20ve%20Boyun%20Cerrahisi%20Uzman%C4%B1%20-%20Burun%20Ameliyat%C4%B1!5e0!3m2!1str!2str!4v1745840482141!5m2!1str!2str\" width=\"100%\" height=\"500\" style=\"border:0;\" allowfullscreen=\"\" loading=\"lazy\" referrerpolicy=\"no-referrer-when-downgrade\"><\/iframe><\/p>\n<\/div>\n<div class=\"col-md-6\">\n<div id=\"ez-toc-container\" class=\"ez-toc-v2_0_82_2 counter-flat ez-toc-counter ez-toc-grey ez-toc-container-direction\">\n<div class=\"ez-toc-title-container\">\n<p class=\"ez-toc-title\" style=\"cursor:inherit\">\u0130\u00e7indekiler<\/p>\n<span class=\"ez-toc-title-toggle\"><a href=\"#\" class=\"ez-toc-pull-right ez-toc-btn ez-toc-btn-xs ez-toc-btn-default ez-toc-toggle\" aria-label=\"\u0130\u00e7indekiler Tablosunu A\u00e7\/Kapat\"><span class=\"ez-toc-js-icon-con\"><span class=\"\"><span class=\"eztoc-hide\" style=\"display:none;\">Toggle<\/span><span class=\"ez-toc-icon-toggle-span\"><svg style=\"fill: #999;color:#999\" xmlns=\"http:\/\/www.w3.org\/2000\/svg\" class=\"list-377408\" width=\"20px\" height=\"20px\" viewBox=\"0 0 24 24\" fill=\"none\"><path d=\"M6 6H4v2h2V6zm14 0H8v2h12V6zM4 11h2v2H4v-2zm16 0H8v2h12v-2zM4 16h2v2H4v-2zm16 0H8v2h12v-2z\" fill=\"currentColor\"><\/path><\/svg><svg style=\"fill: #999;color:#999\" class=\"arrow-unsorted-368013\" xmlns=\"http:\/\/www.w3.org\/2000\/svg\" width=\"10px\" height=\"10px\" viewBox=\"0 0 24 24\" version=\"1.2\" baseProfile=\"tiny\"><path d=\"M18.2 9.3l-6.2-6.3-6.2 6.3c-.2.2-.3.4-.3.7s.1.5.3.7c.2.2.4.3.7.3h11c.3 0 .5-.1.7-.3.2-.2.3-.5.3-.7s-.1-.5-.3-.7zM5.8 14.7l6.2 6.3 6.2-6.3c.2-.2.3-.5.3-.7s-.1-.5-.3-.7c-.2-.2-.4-.3-.7-.3h-11c-.3 0-.5.1-.7.3-.2.2-.3.5-.3.7s.1.5.3.7z\"\/><\/svg><\/span><\/span><\/span><\/a><\/span><\/div>\n<nav><ul class='ez-toc-list ez-toc-list-level-1 eztoc-toggle-hide-by-default' ><li class='ez-toc-page-1'><a class=\"ez-toc-link ez-toc-heading-1\" href=\"https:\/\/www.ozanseymen.com\/tr\/iletisim\/#Iletisim_Bilgileri\" >\u0130leti\u015fim Bilgileri<\/a><\/li><li class='ez-toc-page-1'><a class=\"ez-toc-link ez-toc-heading-2\" href=\"https:\/\/www.ozanseymen.com\/tr\/iletisim\/#Calisma_Saatleri\" >\u00c7al\u0131\u015fma Saatleri<\/a><\/li><\/ul><\/nav><\/div>\n<h3><span class=\"ez-toc-section\" id=\"Iletisim_Bilgileri\"><\/span>\u0130leti\u015fim Bilgileri<span class=\"ez-toc-section-end\"><\/span><\/h3>\n<p><strong>Adres:<\/strong>\u00a0Suadiye, Ba\u011fdat Cad., P\u0131nar Apt., Kat: 1, No: 5, Kad\u0131k\u00f6y\/\u0130stanbul<\/p>\n<p><strong>Telefon:<\/strong>\u00a0<a href=\"tel:+90 545 355 43 34\">+90 545 355 43 34 <\/a><\/p>\n<p><strong>Whatsapp:<\/strong>\u00a0<a href=\"https:\/\/api.whatsapp.com\/send?phone=905453554334\" target=\"_blank\" rel=\"noopener\">+90 545 355 43 34 <\/a><\/p>\n<p><strong>E-mail:<\/strong>\u00a0<a href=\"mailto:info@ozanseymen.com\">info@ozanseymen.com<\/a><\/p>\n<h3><span class=\"ez-toc-section\" id=\"Calisma_Saatleri\"><\/span>\u00c7al\u0131\u015fma Saatleri<span class=\"ez-toc-section-end\"><\/span><\/h3>\n<p><strong>Pazartesi &#8211; Cuma :<\/strong>\u00a010:00 \u2013 19:00<\/p>\n<p><strong>Cumartesi: <\/strong>10:00 \u2013 16:00<\/p>\n<p><strong>Pazar: <\/strong>Kapal\u0131<\/p>\n<\/div>\n<\/div>\n<hr \/>\n","protected":false},"excerpt":{"rendered":"<p>\u0130leti\u015fim Bilgileri Adres:\u00a0Suadiye, Ba\u011fdat Cad., P\u0131nar Apt., Kat: 1, No: 5, Kad\u0131k\u00f6y\/\u0130stanbul Telefon:\u00a0+90 545 355 43 34 Whatsapp:\u00a0+90 545 355 43 34 E-mail:\u00a0info@ozanseymen.com \u00c7al\u0131\u015fma Saatleri Pazartesi &#8211; Cuma :\u00a010:00 \u2013 19:00 Cumartesi: 10:00 \u2013 16:00 Pazar: Kapal\u0131<\/p>\n","protected":false},"author":1,"featured_media":0,"parent":0,"menu_order":0,"comment_status":"closed","ping_status":"closed","template":"","meta":{"footnotes":""},"class_list":["post-132","page","type-page","status-publish","hentry"],"_links":{"self":[{"href":"https:\/\/www.ozanseymen.com\/tr\/wp-json\/wp\/v2\/pages\/132","targetHints":{"allow":["GET"]}}],"collection":[{"href":"https:\/\/www.ozanseymen.com\/tr\/wp-json\/wp\/v2\/pages"}],"about":[{"href":"https:\/\/www.ozanseymen.com\/tr\/wp-json\/wp\/v2\/types\/page"}],"author":[{"embeddable":true,"href":"https:\/\/www.ozanseymen.com\/tr\/wp-json\/wp\/v2\/users\/1"}],"replies":[{"embeddable":true,"href":"https:\/\/www.ozanseymen.com\/tr\/wp-json\/wp\/v2\/comments?post=132"}],"version-history":[{"count":3,"href":"https:\/\/www.ozanseymen.com\/tr\/wp-json\/wp\/v2\/pages\/132\/revisions"}],"predecessor-version":[{"id":386,"href":"https:\/\/www.ozanseymen.com\/tr\/wp-json\/wp\/v2\/pages\/132\/revisions\/386"}],"wp:attachment":[{"href":"https:\/\/www.ozanseymen.com\/tr\/wp-json\/wp\/v2\/media?parent=132"}],"curies":[{"name":"wp","href":"https:\/\/api.w.org\/{rel}","templated":true}]}}