{"id":94,"date":"2025-04-21T12:05:32","date_gmt":"2025-04-21T09:05:32","guid":{"rendered":"https:\/\/www.ozanseymen.com\/fr\/?page_id=94"},"modified":"2025-05-12T11:20:58","modified_gmt":"2025-05-12T08:20:58","slug":"demande-de-la-personne-concernee-selon-la-lpd","status":"publish","type":"page","link":"https:\/\/www.ozanseymen.com\/fr\/demande-de-la-personne-concernee-selon-la-lpd\/","title":{"rendered":"Demande de la Personne Concern\u00e9e selon la LPD"},"content":{"rendered":"<p>Vous pouvez consulter vos droits \u00e9nonc\u00e9s \u00e0 l&rsquo;article 11 de la Loi sur la Protection des Donn\u00e9es Personnelles n\u00b06698 et les modalit\u00e9s d&rsquo;exercice de ces droits dans le texte d&rsquo;information qui vous a \u00e9t\u00e9 communiqu\u00e9, et soumettre vos demandes dans le cadre de vos droits en remplissant int\u00e9gralement le Formulaire de Demande et en l\u2019envoyant \u00e0 notre entreprise par l\u2019un des moyens d\u00e9crits ci-dessous.<\/p>\n<p><strong>Pour les demandes faites par courrier recommand\u00e9 avec accus\u00e9 de r\u00e9ception, via notaire ou en personne :<\/strong><\/p>\n<p>Apr\u00e8s avoir rempli et sign\u00e9 le formulaire de demande, vous pouvez l\u2019envoyer \u00e0 l\u2019adresse suivante en inscrivant sur l\u2019enveloppe\/notification \u00ab Demande au titre de la Loi sur la Protection des Donn\u00e9es Personnelles \u00bb : Barbaros Mahallesi, Ak Zambak Sokak, UpHill Tower, B Kule, Kat : 13, Daire : 74, Ata\u015fehir \u2013 Istanbul.<\/p>\n<p><strong>Pour les demandes envoy\u00e9es par courrier \u00e9lectronique :<\/strong><\/p>\n<p>Apr\u00e8s avoir rempli et sign\u00e9 le formulaire de demande, vous pouvez l\u2019envoyer \u00e0 l\u2019adresse e-mail info@ozanseymen.com en utilisant l\u2019adresse e-mail enregistr\u00e9e dans le syst\u00e8me de notre soci\u00e9t\u00e9. L\u2019objet du mail doit \u00eatre \u00ab Demande au titre de la Loi sur la Protection des Donn\u00e9es Personnelles \u00bb.<\/p>\n<p>Dans les demandes, il est obligatoire pour le demandeur de prouver son identit\u00e9. Vos demandes nous parvenant seront trait\u00e9es dans les plus brefs d\u00e9lais et au plus tard dans un d\u00e9lai de 30 (trente) jours \u00e0 compter de la date de r\u00e9ception de votre demande, et une r\u00e9ponse vous sera adress\u00e9e par \u00e9crit ou par voie \u00e9lectronique selon votre pr\u00e9f\u00e9rence.<\/p>\n<p><strong>Quels sont vos droits ?<\/strong><\/p>\n<ul>\n<li>Savoir si vos donn\u00e9es personnelles sont trait\u00e9es,<\/li>\n<li>Demander des informations si vos donn\u00e9es personnelles ont \u00e9t\u00e9 trait\u00e9es,<\/li>\n<li>Conna\u00eetre la finalit\u00e9 du traitement de vos donn\u00e9es personnelles et savoir si elles sont utilis\u00e9es conform\u00e9ment \u00e0 cette finalit\u00e9,<\/li>\n<li>Conna\u00eetre les tiers auxquels vos donn\u00e9es personnelles sont transf\u00e9r\u00e9es, que ce soit \u00e0 l\u2019int\u00e9rieur du pays ou \u00e0 l\u2019\u00e9tranger,<\/li>\n<li>Demander la rectification de vos donn\u00e9es personnelles si elles ont \u00e9t\u00e9 trait\u00e9es de mani\u00e8re incompl\u00e8te ou incorrecte et demander que les tiers \u00e0 qui les donn\u00e9es ont \u00e9t\u00e9 transf\u00e9r\u00e9es soient inform\u00e9s de cette correction,<\/li>\n<li>Demander l\u2019effacement ou la destruction de vos donn\u00e9es personnelles si les motifs de leur traitement n\u2019existent plus, m\u00eame si elles ont \u00e9t\u00e9 trait\u00e9es conform\u00e9ment \u00e0 la loi et aux autres dispositions l\u00e9gales pertinentes, et demander que les tiers \u00e0 qui les donn\u00e9es ont \u00e9t\u00e9 transf\u00e9r\u00e9es soient inform\u00e9s de cette op\u00e9ration,<\/li>\n<li>S\u2019opposer \u00e0 ce que vos donn\u00e9es personnelles soient analys\u00e9es exclusivement par des syst\u00e8mes automatis\u00e9s et \u00e0 ce que cela entra\u00eene un r\u00e9sultat d\u00e9favorable pour vous,<\/li>\n<li>Demander une indemnisation si vous subissez un dommage en raison du traitement ill\u00e9gal de vos donn\u00e9es personnelles.<\/li>\n<\/ul>\n","protected":false},"excerpt":{"rendered":"<p>Vous pouvez consulter vos droits \u00e9nonc\u00e9s \u00e0 l&rsquo;article 11 de la Loi sur la Protection des Donn\u00e9es Personnelles n\u00b06698 et les modalit\u00e9s d&rsquo;exercice de ces droits dans le texte d&rsquo;information qui vous a \u00e9t\u00e9 communiqu\u00e9, et soumettre vos demandes dans le cadre de vos droits en remplissant int\u00e9gralement le Formulaire de Demande et en l\u2019envoyant [&hellip;]<\/p>\n","protected":false},"author":1,"featured_media":0,"parent":0,"menu_order":0,"comment_status":"closed","ping_status":"closed","template":"","meta":{"footnotes":""},"class_list":["post-94","page","type-page","status-publish","hentry"],"_links":{"self":[{"href":"https:\/\/www.ozanseymen.com\/fr\/wp-json\/wp\/v2\/pages\/94","targetHints":{"allow":["GET"]}}],"collection":[{"href":"https:\/\/www.ozanseymen.com\/fr\/wp-json\/wp\/v2\/pages"}],"about":[{"href":"https:\/\/www.ozanseymen.com\/fr\/wp-json\/wp\/v2\/types\/page"}],"author":[{"embeddable":true,"href":"https:\/\/www.ozanseymen.com\/fr\/wp-json\/wp\/v2\/users\/1"}],"replies":[{"embeddable":true,"href":"https:\/\/www.ozanseymen.com\/fr\/wp-json\/wp\/v2\/comments?post=94"}],"version-history":[{"count":3,"href":"https:\/\/www.ozanseymen.com\/fr\/wp-json\/wp\/v2\/pages\/94\/revisions"}],"predecessor-version":[{"id":915,"href":"https:\/\/www.ozanseymen.com\/fr\/wp-json\/wp\/v2\/pages\/94\/revisions\/915"}],"wp:attachment":[{"href":"https:\/\/www.ozanseymen.com\/fr\/wp-json\/wp\/v2\/media?parent=94"}],"curies":[{"name":"wp","href":"https:\/\/api.w.org\/{rel}","templated":true}]}}