{"id":360,"date":"2025-04-24T12:38:25","date_gmt":"2025-04-24T09:38:25","guid":{"rendered":"https:\/\/www.ozanseymen.com\/fr\/?page_id=360"},"modified":"2025-05-09T18:20:16","modified_gmt":"2025-05-09T15:20:16","slug":"quel-processus-attend-les-patients-venant-de-letranger-en-turquie","status":"publish","type":"page","link":"https:\/\/www.ozanseymen.com\/fr\/quel-processus-attend-les-patients-venant-de-letranger-en-turquie\/","title":{"rendered":"Quel Processus Attend les Patients Venant de l&rsquo;\u00c9tranger en Turquie ?"},"content":{"rendered":"<h4><strong>Quel Processus Attend les Patients Venant de l&rsquo;\u00c9tranger en Turquie ?<\/strong><\/h4>\n<p>Le processus pour nos patients venant de l&rsquo;\u00e9tranger en Turquie est assez facile et s\u00e9curis\u00e9. Avant votre arriv\u00e9e en Turquie, un processus de traitement est planifi\u00e9 et une consultation en ligne est organis\u00e9e en \u00e9tablissant une communication d\u00e9taill\u00e9e avec vous. Tous les d\u00e9tails, de votre accueil \u00e0 l&rsquo;a\u00e9roport aux arrangements d&rsquo;h\u00e9bergement et de transport, sont soigneusement organis\u00e9s.<br \/>\nAvant le traitement, votre situation est \u00e9valu\u00e9e lors d&rsquo;une consultation en face \u00e0 face et un plan de traitement personnalis\u00e9 est pr\u00e9par\u00e9 pour vous. Un soutien continu est \u00e9galement fourni pendant et apr\u00e8s le traitement, vous permettant ainsi de vous sentir en s\u00e9curit\u00e9 et \u00e0 l&rsquo;aise tout au long du processus.<\/p>\n<p><strong>Pourquoi les Patients Venant de l&rsquo;\u00c9tranger en Turquie Devraient-ils Choisir le Prof. Dr. Ozan Seymen Sezen ?<\/strong><\/p>\n<p>Le Prof. Dr. Ozan Seymen Sezen est un expert mondialement reconnu dans le domaine de l&rsquo;ORL et de la chirurgie de la t\u00eate et du cou. Avec sa vaste exp\u00e9rience, ses techniques m\u00e9dicales modernes et son approche centr\u00e9e sur le patient, il est devenu un nom fiable \u00e9galement sur la sc\u00e8ne internationale.<\/p>\n<p>Comme il ma\u00eetrise toutes les op\u00e9rations de Chirurgie Oto-Rhino-Laryngologique, y compris les cancers, votre traitement est planifi\u00e9 dans une perspective plus d\u00e9taill\u00e9e. Il suit de pr\u00e8s les d\u00e9veloppements scientifiques et applique les techniques les plus modernes. Le Prof. Dr. Sezen d\u00e9termine les m\u00e9thodes de traitement les plus appropri\u00e9es selon les besoins sp\u00e9cifiques de chaque patient et obtient les meilleurs r\u00e9sultats esth\u00e9tiques et fonctionnels gr\u00e2ce aux techniques chirurgicales innovantes qu&rsquo;il applique.<\/p>\n<p>De plus, en offrant une communication et un soutien continus tout au long de votre processus de traitement, il assure votre s\u00e9curit\u00e9 \u00e0 chaque \u00e9tape du service que vous recevez en Turquie. Gr\u00e2ce \u00e0 ces caract\u00e9ristiques, il est le meilleur choix pour les patients venant de l&rsquo;\u00e9tranger.<\/p>\n","protected":false},"excerpt":{"rendered":"<p>Quel Processus Attend les Patients Venant de l&rsquo;\u00c9tranger en Turquie ? Le processus pour nos patients venant de l&rsquo;\u00e9tranger en Turquie est assez facile et s\u00e9curis\u00e9. Avant votre arriv\u00e9e en Turquie, un processus de traitement est planifi\u00e9 et une consultation en ligne est organis\u00e9e en \u00e9tablissant une communication d\u00e9taill\u00e9e avec vous. Tous les d\u00e9tails, de [&hellip;]<\/p>\n","protected":false},"author":1,"featured_media":0,"parent":0,"menu_order":0,"comment_status":"closed","ping_status":"closed","template":"","meta":{"footnotes":""},"class_list":["post-360","page","type-page","status-publish","hentry"],"_links":{"self":[{"href":"https:\/\/www.ozanseymen.com\/fr\/wp-json\/wp\/v2\/pages\/360","targetHints":{"allow":["GET"]}}],"collection":[{"href":"https:\/\/www.ozanseymen.com\/fr\/wp-json\/wp\/v2\/pages"}],"about":[{"href":"https:\/\/www.ozanseymen.com\/fr\/wp-json\/wp\/v2\/types\/page"}],"author":[{"embeddable":true,"href":"https:\/\/www.ozanseymen.com\/fr\/wp-json\/wp\/v2\/users\/1"}],"replies":[{"embeddable":true,"href":"https:\/\/www.ozanseymen.com\/fr\/wp-json\/wp\/v2\/comments?post=360"}],"version-history":[{"count":2,"href":"https:\/\/www.ozanseymen.com\/fr\/wp-json\/wp\/v2\/pages\/360\/revisions"}],"predecessor-version":[{"id":907,"href":"https:\/\/www.ozanseymen.com\/fr\/wp-json\/wp\/v2\/pages\/360\/revisions\/907"}],"wp:attachment":[{"href":"https:\/\/www.ozanseymen.com\/fr\/wp-json\/wp\/v2\/media?parent=360"}],"curies":[{"name":"wp","href":"https:\/\/api.w.org\/{rel}","templated":true}]}}