{"id":142,"date":"2025-04-21T12:53:47","date_gmt":"2025-04-21T09:53:47","guid":{"rendered":"https:\/\/www.ozanseymen.com\/fr\/?page_id=142"},"modified":"2025-05-12T11:18:45","modified_gmt":"2025-05-12T08:18:45","slug":"colonnes","status":"publish","type":"page","link":"https:\/\/www.ozanseymen.com\/fr\/colonnes\/","title":{"rendered":"Colonnes"},"content":{"rendered":"<h2><strong>Vous pouvez suivre ici tous les articles et chroniques du Prof. Dr. Ozan Seymen Sezen publi\u00e9s dans la presse nationale.<\/strong><\/h2>\n<p><img loading=\"lazy\" decoding=\"async\" class=\"alignnone size-full wp-image-334\" src=\"https:\/\/www.ozanseymen.com\/fr\/wp-content\/uploads\/2025\/04\/prof-dr-ozan-seymen-sezen-kose-yazilari.jpg\" alt=\"\" width=\"1024\" height=\"564\" srcset=\"https:\/\/www.ozanseymen.com\/fr\/wp-content\/uploads\/2025\/04\/prof-dr-ozan-seymen-sezen-kose-yazilari.jpg 1024w, https:\/\/www.ozanseymen.com\/fr\/wp-content\/uploads\/2025\/04\/prof-dr-ozan-seymen-sezen-kose-yazilari-300x165.jpg 300w, https:\/\/www.ozanseymen.com\/fr\/wp-content\/uploads\/2025\/04\/prof-dr-ozan-seymen-sezen-kose-yazilari-768x423.jpg 768w\" sizes=\"auto, (max-width: 1024px) 100vw, 1024px\" \/><\/p>\n<h3><strong>Journal H\u00fcrriyet \u2013 Rubrique Mahmure<\/strong><\/h3>\n<p>25 janvier 2020 \u2013 <a href=\"https:\/\/www.hurriyet.com.tr\/mahmure\/yazarlar\/ozan-seymen-sezen\/bu-mevsimde-enfeksiyon-riskine-dikkat-41426263\" target=\"_blank\" rel=\"noopener\">Attention au risque d&rsquo;infection en cette saison<\/a><\/p>\n<p>18 septembre 2019 \u2013 <a href=\"http:\/\/www.hurriyet.com.tr\/mahmure\/yazarlar\/ozan-seymen-sezen\/liplift-dudak-kaldirma-nedir-kimlere-uygulanir-41332085\" target=\"_blank\" rel=\"noopener\">Qu&rsquo;est-ce que le Liplift (lifting des l\u00e8vres) ? \u00c0 qui s&rsquo;adresse-t-il ?<\/a><\/p>\n<p>21 ao\u00fbt 2019 \u2013 <a href=\"http:\/\/www.hurriyet.com.tr\/mahmure\/yazarlar\/ozan-seymen-sezen\/erkeklerde-cene-maskulen-yapinin-simgesi-35127202\" target=\"_blank\" rel=\"noopener\">Chez les hommes, le menton est le symbole de la masculinit\u00e9<\/a><\/p>\n<p>20 juin 2019 \u2013 <a href=\"http:\/\/www.hurriyet.com.tr\/mahmure\/yazarlar\/ozan-seymen-sezen\/yaz-mevsiminde-burun-ameliyati-olmak-sakincali-midir-35125723\" target=\"_blank\" rel=\"noopener\">Est-il risqu\u00e9 de subir une rhinoplastie en \u00e9t\u00e9 ?<\/a><\/p>\n<p>14 mai 2019 \u2013 <a href=\"http:\/\/www.hurriyet.com.tr\/mahmure\/yazarlar\/ozan-seymen-sezen\/otoskleroz-hastaligi-nedir-35124894\" target=\"_blank\" rel=\"noopener\">Qu&rsquo;est-ce que la maladie d&rsquo;otoscl\u00e9rose ?<\/a><\/p>\n<p>14 mars 2019 \u2013 <a href=\"http:\/\/www.hurriyet.com.tr\/mahmure\/yazarlar\/ozan-seymen-sezen\/horlama-nedenleri-nelerdir-horlama-nasil-tedavi-edilir-35123428\" target=\"_blank\" rel=\"noopener\">Quelles sont les causes du ronflement ? Comment le traiter ?<\/a><\/p>\n<p>26 f\u00e9vrier 2019 \u2013 <a href=\"http:\/\/www.hurriyet.com.tr\/mahmure\/yazarlar\/ozan-seymen-sezen\/burun-ameliyatina-bakis-degisti-35122993\" target=\"_blank\" rel=\"noopener\">La perception de la chirurgie du nez a chang\u00e9<\/a><\/p>\n<h3><strong>Journal Milliyet \u2013 Rubrique Pembe Nar \u00ab Architecte du Visage \u00bb<\/strong><\/h3>\n<p>15 avril 2020 \u2013 <a href=\"https:\/\/www.milliyet.com.tr\/pembenar\/prof-dr-ozan-seymen-sezen\/koronavirus-hakkinda-bilmeniz-gerekenler-2910725\" target=\"_blank\" rel=\"noopener\">Ce que vous devez savoir sur le coronavirus<\/a><\/p>\n<p>3 mars 2020 \u2013 <a href=\"https:\/\/www.milliyet.com.tr\/pembenar\/prof-dr-ozan-seymen-sezen\/cilt-yenilemede-dermapen-2910065\" target=\"_blank\" rel=\"noopener\">Dermapen pour le renouvellement de la peau<\/a><\/p>\n<p>23 janvier 2020 \u2013 <a href=\"https:\/\/www.milliyet.com.tr\/pembenar\/prof-dr-ozan-seymen-sezen\/mevsimi-geldi-dikkat-2909391\" target=\"_blank\" rel=\"noopener\">La saison est arriv\u00e9e, attention !<\/a><\/p>\n<p>14 d\u00e9cembre 2019 \u2013 <a href=\"https:\/\/www.milliyet.com.tr\/pembenar\/prof-dr-ozan-seymen-sezen\/bademcigin-gorevleri-2908919\" target=\"_blank\" rel=\"noopener\">Les fonctions des amygdales<\/a><\/p>\n<p>31 octobre 2019 \u2013 <a href=\"http:\/\/www.milliyet.com.tr\/pembenar\/doc-dr-ozan-seymen-sezen\/horlamanin-nedenleri-2908113\" target=\"_blank\" rel=\"noopener\">Les causes du ronflement<\/a><\/p>\n<p>17 septembre 2019 \u2013 <a href=\"http:\/\/www.milliyet.com.tr\/pembenar\/doc-dr-ozan-seymen-sezen\/sonbahar-alerjisine-dikkat-2907351\" target=\"_blank\" rel=\"noopener\">Attention aux allergies d&rsquo;automne<\/a><\/p>\n<p>5 ao\u00fbt 2019 \u2013 <a href=\"http:\/\/www.milliyet.com.tr\/pembenar\/doc-dr-ozan-seymen-sezen\/serinlerken-dikkat-2906703\" target=\"_blank\" rel=\"noopener\">Attention en se rafra\u00eechissant<\/a><\/p>\n<p>24 juillet 2019 \u2013 <a href=\"http:\/\/www.milliyet.com.tr\/pembenar\/doc-dr-ozan-seymen-sezen\/lohusalikta-estetik-2906564\" target=\"_blank\" rel=\"noopener\">Esth\u00e9tique pendant la p\u00e9riode post-partum<\/a><\/p>\n<p>27 juin 2019 \u2013 <a href=\"http:\/\/www.milliyet.com.tr\/pembenar\/doc-dr-ozan-seymen-sezen\/bir-asirlik-estetik-cerrahi-2895997\" target=\"_blank\" rel=\"noopener\">Un si\u00e8cle de chirurgie esth\u00e9tique<\/a><\/p>\n<p>18 juin 2019 \u2013 <a href=\"http:\/\/www.milliyet.com.tr\/pembenar\/doc-dr-ozan-seymen-sezen\/turkiye-estetikte-marka-2891833\" target=\"_blank\" rel=\"noopener\">La Turquie, une marque dans l&rsquo;esth\u00e9tique<\/a><\/p>\n<p>9 juin 2019 \u2013 <a href=\"http:\/\/www.milliyet.com.tr\/pembenar\/doc-dr-ozan-seymen-sezen\/yaz-mevsiminde-burun-ameliyati-2887328\" target=\"_blank\" rel=\"noopener\">Rhinoplastie en \u00e9t\u00e9<\/a><\/p>\n<p>12 mai 2019 \u2013 <a href=\"http:\/\/www.milliyet.com.tr\/pembenar\/doc-dr-ozan-seymen-sezen\/burun-konkalarinin-gorevleri-2873252\" target=\"_blank\" rel=\"noopener\">Les fonctions des cornets nasaux<\/a><\/p>\n<p>29 avril 2019 \u2013 <a href=\"http:\/\/www.milliyet.com.tr\/pembenar\/doc-dr-ozan-seymen-sezen\/tukuruk-bezi-tumorleri-2866498\" target=\"_blank\" rel=\"noopener\">Tumeurs des glandes salivaires<\/a><\/p>\n<p>24 mars 2019 \u2013 <a href=\"http:\/\/www.milliyet.com.tr\/pembenar\/doc-dr-ozan-seymen-sezen\/erkekler-ve-estetik-2847944\" target=\"_blank\" rel=\"noopener\">Les hommes et l&rsquo;esth\u00e9tique<\/a><\/p>\n<p>15 mars 2019 \u2013 <a href=\"http:\/\/www.milliyet.com.tr\/pembenar\/doc-dr-ozan-seymen-sezen\/horlama-problemi-neden-olur-2842627\" target=\"_blank\" rel=\"noopener\">Pourquoi le ronflement survient-il ?<\/a><\/p>\n<p>24 f\u00e9vrier 2019 \u2013 <a href=\"http:\/\/www.milliyet.com.tr\/pembenar\/doc-dr-ozan-seymen-sezen\/bademcik-iltihabina-dikkat-2833344\" target=\"_blank\" rel=\"noopener\">Attention \u00e0 l&rsquo;inflammation des amygdales !<\/a><\/p>\n<p>28 janvier 2019 \u2013 <a href=\"http:\/\/www.milliyet.com.tr\/pembenar\/doc-dr-ozan-seymen-sezen\/estetik-ameliyatina-hazirlik-2819199\" target=\"_blank\" rel=\"noopener\">Pr\u00e9paration \u00e0 la chirurgie esth\u00e9tique<\/a><\/p>\n<p>15 janvier 2019 \u2013 <a href=\"http:\/\/www.milliyet.com.tr\/septoplasti-nedir--pembenar-yazardetay-saglik-2811832\/\" target=\"_blank\" rel=\"noopener\">Qu&rsquo;est-ce que la septoplastie ?<\/a><\/p>\n<p>3 janvier 2019 \u2013 <a href=\"http:\/\/www.milliyet.com.tr\/-otoskleroz--hastaligi-nedir--pembenar-yazardetay-saglik-2805561\/\" target=\"_blank\" rel=\"noopener\">Qu&rsquo;est-ce que la maladie d&rsquo;otoscl\u00e9rose ?<\/a><\/p>\n<p>27 d\u00e9cembre 2018 \u2013 <a href=\"http:\/\/www.milliyet.com.tr\/profiloplasti-ile-altin-oran-pembenar-yazardetay-saglik-2802191\/\" target=\"_blank\" rel=\"noopener\">Profiloplastie et proportion dor\u00e9e<\/a><\/p>\n<h3><strong>Journal Milliyet \u2013 Rubrique Pembe Nar \u00ab Architecte du Visage \u00bb (suite)<\/strong><\/h3>\n<p>17 d\u00e9cembre 2018 \u2013 <a href=\"http:\/\/www.milliyet.com.tr\/revizyon-burun-ameliyati-endise-yaratmasin-pembenar-yazardetay-saglik-2796702\/\" target=\"_blank\" rel=\"noopener\">Ne vous inqui\u00e9tez pas pour la rhinoplastie de r\u00e9vision<\/a><\/p>\n<p>23 novembre 2018 \u2013 <a href=\"http:\/\/www.milliyet.com.tr\/yeni-cehre-icin-en-konforlu-yol--estetik-dolgu-pembenar-yazardetay-saglik-2783180\/\" target=\"_blank\" rel=\"noopener\">La voie la plus confortable pour un nouveau visage : le comblement esth\u00e9tique<\/a><\/p>\n<p>15 novembre 2018 \u2013 <a href=\"http:\/\/www.milliyet.com.tr\/burun-estetigi-olmak-isteyenler-icin-yol-haritasi-pembenar-yazardetay-saglik-2778640\/\" target=\"_blank\" rel=\"noopener\">Feuille de route pour ceux qui veulent une rhinoplastie<\/a><\/p>\n<p>8 novembre 2018 \u2013 <a href=\"http:\/\/www.milliyet.com.tr\/insanlarin-burun-estetigi-pembenar-yazardetay-saglik-2774600\/\" target=\"_blank\" rel=\"noopener\">La perception de la rhinoplastie par les gens change<\/a><\/p>\n<p>24 octobre 2018 \u2013 <a href=\"http:\/\/www.milliyet.com.tr\/liplift--dudak-kaldirma--nedir--kimlere-uygulanir--pembenar-yazardetay-saglik-2765908\/\" target=\"_blank\" rel=\"noopener\">Qu\u2019est-ce que le Liplift (lifting des l\u00e8vres) ? \u00c0 qui s\u2019adresse-t-il ?<\/a><\/p>\n<p>22 octobre 2018 \u2013 <a href=\"http:\/\/www.milliyet.com.tr\/yuzunuze-kendi-dokulariniz-ile-gelen-guzellik---yag-enjeksiyonu-pembenar-yazardetay-saglik-2764629\/\" target=\"_blank\" rel=\"noopener\">La beaut\u00e9 naturelle de votre visage gr\u00e2ce \u00e0 vos propres tissus : l\u2019injection de graisse<\/a><\/p>\n<p>16 octobre 2018 \u2013 <a href=\"http:\/\/www.milliyet.com.tr\/sinuzit-problemi-nedir--tedavisi-mumkun-mudur--pembenar-yazardetay-saglik-2761241\/\" target=\"_blank\" rel=\"noopener\">Qu\u2019est-ce que le probl\u00e8me de sinusite ? Est-il possible de le traiter ?<\/a><\/p>\n<p>2 octobre 2018 \u2013 <a href=\"http:\/\/www.milliyet.com.tr\/turkiye-de-burun-ameliyati-algisi-degisiyor-pembenar-yazardetay-saglik-2753034\/\" target=\"_blank\" rel=\"noopener\">La perception de la rhinoplastie change en Turquie<\/a><\/p>\n<p>30 juillet 2018 \u2013 <a href=\"http:\/\/www.milliyet.com.tr\/burun-estetiginde-son-trendler----piezo-burun-estetigi-nedir--pembenar-yazardetay-saglik-2715708\/\" target=\"_blank\" rel=\"noopener\">Derni\u00e8res tendances en rhinoplastie : qu\u2019est-ce que la m\u00e9thode Piezo ?<\/a><\/p>\n<h3><strong>Rubrique Mynet.com<\/strong><\/h3>\n<p>16 juillet 2020 \u2013 <a href=\"https:\/\/www.mynet.com\/dermapen-hakkinda-bilmeniz-gerekenler-1253726-mykadin\" target=\"_blank\" rel=\"noopener\">Ce que vous devez savoir sur le Dermapen<\/a><\/p>\n<p>15 avril 2020 \u2013 <a href=\"https:\/\/www.mynet.com\/yeni-koronavirus-covid-19-hakkinda-bilmeniz-gerekenler-110106497164\" target=\"_blank\" rel=\"noopener\">Ce que vous devez savoir sur le nouveau coronavirus (COVID-19)<\/a><\/p>\n<p>27 janvier 2020 \u2013 <a href=\"https:\/\/www.mynet.com\/turkiye-estetik-konusunda-marka-1249110-mykadin\" target=\"_blank\" rel=\"noopener\">La Turquie, une r\u00e9f\u00e9rence en mati\u00e8re d\u2019esth\u00e9tique<\/a><\/p>\n<p>30 d\u00e9cembre 2019 \u2013 <a href=\"https:\/\/www.mynet.com\/yeni-cehre-icin-en-konforlu-yol-estetik-dolgu-1248640-mykadin\" target=\"_blank\" rel=\"noopener\">La voie la plus confortable vers un nouveau visage : le comblement esth\u00e9tique<\/a><\/p>\n<p>4 novembre 2019 \u2013 <a href=\"https:\/\/www.mynet.com\/burun-estetigi-olmak-isteyenlerin-dikkat-etmesi-gerekenler-1245989-mykadin\" target=\"_blank\" rel=\"noopener\">\u00c0 quoi faire attention avant une rhinoplastie ?<\/a><\/p>\n<p>18 octobre 2019 \u2013 <a href=\"https:\/\/www.mynet.com\/kirisikliklarin-tek-sorumlusu-zaman-degil-1245322-mykadin\" target=\"_blank\" rel=\"noopener\">Le temps n\u2019est pas le seul responsable des rides<\/a><\/p>\n<p>18 septembre 2019 \u2013 <a href=\"https:\/\/www.mynet.com\/liplift-dudak-kaldirma-nedir-1243460-mykadin\" target=\"_blank\" rel=\"noopener\">Qu\u2019est-ce que le Liplift (lifting des l\u00e8vres) ?<\/a><\/p>\n<p>23 juillet 2019 \u2013 <a href=\"https:\/\/www.mynet.com\/lohusalik-donemi-estetik-icin-uygun-bir-zaman-mi-1240457-mykadin\" target=\"_blank\" rel=\"noopener\">La p\u00e9riode post-partum est-elle propice \u00e0 l\u2019esth\u00e9tique ?<\/a><\/p>\n<p>14 mai 2019 \u2013 <a href=\"https:\/\/www.mynet.com\/burun-konkalarinin-gorevi-burun-etleri-neden-siser-buru-neti-ameliyati-ve-tedavisi-nasil-olur-190101156531\" target=\"_blank\" rel=\"noopener\">Fonctions des cornets nasaux : pourquoi gonflent-ils ? Quelle chirurgie ou traitement ?<\/a><\/p>\n<p>2 mai 2019 \u2013 <a href=\"https:\/\/www.mynet.com\/yuzunuze-kendi-dokularinizla-gelen-guzellik-yag-enjeksiyonu-1231322-mykadin\" target=\"_blank\" rel=\"noopener\">La beaut\u00e9 naturelle de votre visage avec vos propres tissus : l\u2019injection de graisse<\/a><\/p>\n<p>15 avril 2019 \u2013 <a href=\"https:\/\/www.mynet.com\/sinuzit-problemi-nedir-tedavisi-mumkun-mudur-1230672-mykadin\" target=\"_blank\" rel=\"noopener\">Qu\u2019est-ce que le probl\u00e8me de sinusite ? Peut-il \u00eatre trait\u00e9 ?<\/a><\/p>\n<p>28 mars 2019 \u2013 <a href=\"https:\/\/www.mynet.com\/insanlar-burun-ameliyatina-artik-farkli-bakiyor-1229882-mykadin\" target=\"_blank\" rel=\"noopener\">Les gens ont d\u00e9sormais un autre regard sur la rhinoplastie<\/a><\/p>\n<p>5 mars 2019 \u2013 <a href=\"https:\/\/www.mynet.com\/burun-estetiginde-son-trend-piezo-1229080-mykadin\" target=\"_blank\" rel=\"noopener\">Derni\u00e8re tendance en rhinoplastie : Piezo<\/a><\/p>\n","protected":false},"excerpt":{"rendered":"<p>Vous pouvez suivre ici tous les articles et chroniques du Prof. Dr. Ozan Seymen Sezen publi\u00e9s dans la presse nationale. Journal H\u00fcrriyet \u2013 Rubrique Mahmure 25 janvier 2020 \u2013 Attention au risque d&rsquo;infection en cette saison 18 septembre 2019 \u2013 Qu&rsquo;est-ce que le Liplift (lifting des l\u00e8vres) ? \u00c0 qui s&rsquo;adresse-t-il ? 21 ao\u00fbt 2019 [&hellip;]<\/p>\n","protected":false},"author":1,"featured_media":0,"parent":0,"menu_order":0,"comment_status":"closed","ping_status":"closed","template":"","meta":{"footnotes":""},"class_list":["post-142","page","type-page","status-publish","hentry"],"_links":{"self":[{"href":"https:\/\/www.ozanseymen.com\/fr\/wp-json\/wp\/v2\/pages\/142","targetHints":{"allow":["GET"]}}],"collection":[{"href":"https:\/\/www.ozanseymen.com\/fr\/wp-json\/wp\/v2\/pages"}],"about":[{"href":"https:\/\/www.ozanseymen.com\/fr\/wp-json\/wp\/v2\/types\/page"}],"author":[{"embeddable":true,"href":"https:\/\/www.ozanseymen.com\/fr\/wp-json\/wp\/v2\/users\/1"}],"replies":[{"embeddable":true,"href":"https:\/\/www.ozanseymen.com\/fr\/wp-json\/wp\/v2\/comments?post=142"}],"version-history":[{"count":4,"href":"https:\/\/www.ozanseymen.com\/fr\/wp-json\/wp\/v2\/pages\/142\/revisions"}],"predecessor-version":[{"id":913,"href":"https:\/\/www.ozanseymen.com\/fr\/wp-json\/wp\/v2\/pages\/142\/revisions\/913"}],"wp:attachment":[{"href":"https:\/\/www.ozanseymen.com\/fr\/wp-json\/wp\/v2\/media?parent=142"}],"curies":[{"name":"wp","href":"https:\/\/api.w.org\/{rel}","templated":true}]}}