{"id":136,"date":"2025-04-21T12:53:12","date_gmt":"2025-04-21T09:53:12","guid":{"rendered":"https:\/\/www.ozanseymen.com\/fr\/?page_id=136"},"modified":"2025-05-12T15:05:42","modified_gmt":"2025-05-12T12:05:42","slug":"presse-nationale","status":"publish","type":"page","link":"https:\/\/www.ozanseymen.com\/fr\/presse-nationale\/","title":{"rendered":"Presse Nationale"},"content":{"rendered":"<div class=\"row\">\n<div class=\"col-md-3\">\n        <img decoding=\"async\" src=\"https:\/\/demo.rankmedya.net\/OzanSeymenDE\/wp-content\/uploads\/2025\/04\/aksamgazetesi.jpg\"><\/p>\n<p>Ak\u015fam Gazetesi<\/p>\n<\/p><\/div>\n<div class=\"col-md-3\">\n        <img decoding=\"async\" src=\"https:\/\/demo.rankmedya.net\/OzanSeymenDE\/wp-content\/uploads\/2025\/04\/annebebekdergisi1.jpg\"><\/p>\n<p>Anne Bebek Dergisi<\/p>\n<\/p><\/div>\n<div class=\"col-md-3\">\n        <img decoding=\"async\" src=\"https:\/\/demo.rankmedya.net\/OzanSeymenDE\/wp-content\/uploads\/2025\/04\/annebebekdergisi2.jpg\"><\/p>\n<p>Anne Bebek Dergisi<\/p>\n<\/p><\/div>\n<div class=\"col-md-3\">\n        <img decoding=\"async\" src=\"https:\/\/demo.rankmedya.net\/OzanSeymenDE\/wp-content\/uploads\/2025\/04\/cumhuriyetgazetesi.jpg\"><\/p>\n<p>Cumhuriyet Gazetesi<\/p>\n<\/p><\/div>\n<\/div>\n<div class=\"row\">\n<div class=\"col-md-3\">\n        <img decoding=\"async\" src=\"https:\/\/demo.rankmedya.net\/OzanSeymenDE\/wp-content\/uploads\/2025\/04\/sozcugazetesi.jpg\"><\/p>\n<p>S\u00f6zc\u00fc Gazetesi<\/p>\n<\/p><\/div>\n<div class=\"col-md-3\">\n        <img decoding=\"async\" src=\"https:\/\/demo.rankmedya.net\/OzanSeymenDE\/wp-content\/uploads\/2025\/04\/milliyetgazetesi.jpg\"><\/p>\n<p>Milliyet Gazetesi<\/p>\n<\/p><\/div>\n<div class=\"col-md-3\">\n        <img decoding=\"async\" src=\"https:\/\/demo.rankmedya.net\/OzanSeymenDE\/wp-content\/uploads\/2025\/04\/turkiyehaber1.jpg\"><\/p>\n<p>T\u00fcrkiye<\/p>\n<\/p><\/div>\n<div class=\"col-md-3\">\n        <img decoding=\"async\" src=\"https:\/\/demo.rankmedya.net\/OzanSeymenDE\/wp-content\/uploads\/2025\/04\/tgrthaber.jpg\"><\/p>\n<p>TGRT Haber<\/p>\n<\/p><\/div>\n<\/div>\n<div class=\"row\">\n<div class=\"col-md-3\">\n        <img decoding=\"async\" src=\"https:\/\/demo.rankmedya.net\/OzanSeymenDE\/wp-content\/uploads\/2025\/04\/vatanhaber1.jpeg\"><\/p>\n<p>Vatan Haber<\/p>\n<\/p><\/div>\n<div class=\"col-md-3\">\n        <img decoding=\"async\" src=\"https:\/\/demo.rankmedya.net\/OzanSeymenDE\/wp-content\/uploads\/2025\/04\/sozcuhaber1.jpg\"><\/p>\n<p>S\u00f6zc\u00fc Haber<\/p>\n<\/p><\/div>\n<div class=\"col-md-3\">\n        <img decoding=\"async\" src=\"https:\/\/demo.rankmedya.net\/OzanSeymenDE\/wp-content\/uploads\/2025\/04\/mynethaber.png\"><\/p>\n<p>MYNET Haber<\/p>\n<\/p><\/div>\n<div class=\"col-md-3\">\n        <img decoding=\"async\" src=\"https:\/\/demo.rankmedya.net\/OzanSeymenDE\/wp-content\/uploads\/2025\/04\/haberglobal1.png\"><\/p>\n<p>Haber Global<\/p>\n<\/p><\/div>\n<\/div>\n<div class=\"row\">\n<div class=\"col-md-3\">\n        <img decoding=\"async\" src=\"https:\/\/demo.rankmedya.net\/OzanSeymenDE\/wp-content\/uploads\/2025\/04\/hurriyet1.jpg\"><\/p>\n<p>H\u00fcrriyet<\/p>\n<\/p><\/div>\n<div class=\"col-md-3\">\n        <img decoding=\"async\" src=\"https:\/\/demo.rankmedya.net\/OzanSeymenDE\/wp-content\/uploads\/2025\/04\/hurriyet-mahmure.jpg\"><\/p>\n<p>H\u00fcrriyet Mahmure<\/p>\n<\/p><\/div>\n<div class=\"col-md-3\">\n        <img decoding=\"async\" src=\"https:\/\/demo.rankmedya.net\/OzanSeymenDE\/wp-content\/uploads\/2025\/04\/yenisafak1.jpg\"><\/p>\n<p>Yeni \u015eafak<\/p>\n<\/p><\/div>\n<div class=\"col-md-3\">\n        <img decoding=\"async\" src=\"https:\/\/demo.rankmedya.net\/OzanSeymenDE\/wp-content\/uploads\/2025\/04\/formsantehaber1.jpg\"><\/p>\n<p>Formsante<\/p>\n<\/p><\/div>\n<\/div>\n<div class=\"row\">\n<div class=\"col-md-3\">\n        <img decoding=\"async\" src=\"https:\/\/demo.rankmedya.net\/OzanSeymenDE\/wp-content\/uploads\/2025\/04\/formsantehaber2.jpg\"><\/p>\n<p>Formsante<\/p>\n<\/p><\/div>\n<div class=\"col-md-3\">\n        <img decoding=\"async\" src=\"https:\/\/demo.rankmedya.net\/OzanSeymenDE\/wp-content\/uploads\/2025\/04\/formsantehaber3.jpg\"><\/p>\n<p>Formsante<\/p>\n<\/p><\/div>\n<div class=\"col-md-3\">\n        <img decoding=\"async\" src=\"https:\/\/demo.rankmedya.net\/OzanSeymenDE\/wp-content\/uploads\/2025\/04\/haberturk1.png\"><\/p>\n<p>Habert\u00fcrk<\/p>\n<\/p><\/div>\n<div class=\"col-md-3\">\n        <img decoding=\"async\" src=\"https:\/\/demo.rankmedya.net\/OzanSeymenDE\/wp-content\/uploads\/2025\/04\/haberturk2.png\"><\/p>\n<p>Habert\u00fcrk<\/p>\n<\/p><\/div>\n<\/div>\n<div class=\"row\">\n<div class=\"col-md-3\">\n        <img decoding=\"async\" src=\"https:\/\/demo.rankmedya.net\/OzanSeymenDE\/wp-content\/uploads\/2025\/04\/haberturk3.jpg\"><\/p>\n<p>Habert\u00fcrk<\/p>\n<\/p><\/div>\n<div class=\"col-md-3\">\n        <img decoding=\"async\" src=\"https:\/\/demo.rankmedya.net\/OzanSeymenDE\/wp-content\/uploads\/2025\/04\/cnnturkhaber1.png\"><\/p>\n<p>CNN T\u00fcrk<\/p>\n<\/p><\/div>\n<div class=\"col-md-3\">\n        <img decoding=\"async\" src=\"https:\/\/demo.rankmedya.net\/OzanSeymenDE\/wp-content\/uploads\/2025\/04\/cnnturkhaber2.jpg\"><\/p>\n<p>CNN T\u00fcrk Haber<\/p>\n<\/p><\/div>\n<div class=\"col-md-3\">\n        <img decoding=\"async\" src=\"https:\/\/demo.rankmedya.net\/OzanSeymenDE\/wp-content\/uploads\/2025\/04\/ntvhaber1.png\"><\/p>\n<p>NTV Haber<\/p>\n<\/p><\/div>\n<\/div>\n<div class=\"row\">\n<div class=\"col-md-3\">\n        <img decoding=\"async\" src=\"https:\/\/demo.rankmedya.net\/OzanSeymenDE\/wp-content\/uploads\/2025\/04\/ntvhaber2.jpg\"><\/p>\n<p>NTV Haber<\/p>\n<\/p><\/div>\n<div class=\"col-md-3\">\n        <img decoding=\"async\" src=\"https:\/\/demo.rankmedya.net\/OzanSeymenDE\/wp-content\/uploads\/2025\/04\/ntvhaber3.jpg\"><\/p>\n<p>NTV Haber<\/p>\n<\/p><\/div>\n<div class=\"col-md-3\">\n        <img decoding=\"async\" src=\"https:\/\/demo.rankmedya.net\/OzanSeymenDE\/wp-content\/uploads\/2025\/04\/hurriyetaile1.png\"><\/p>\n<p>H\u00fcrriyet Aile<\/p>\n<\/p><\/div>\n<div class=\"col-md-3\">\n        <img decoding=\"async\" src=\"https:\/\/demo.rankmedya.net\/OzanSeymenDE\/wp-content\/uploads\/2025\/04\/hurriyetaile2.png\"><\/p>\n<p>H\u00fcrriyet Aile<\/p>\n<\/p><\/div>\n<\/div>\n<div class=\"row\">\n<div class=\"col-md-3\">\n        <img decoding=\"async\" src=\"https:\/\/demo.rankmedya.net\/OzanSeymenDE\/wp-content\/uploads\/2025\/04\/hurriyetaile3.jpg\"><\/p>\n<p>H\u00fcrriyet Aile<\/p>\n<\/p><\/div>\n<div class=\"col-md-3\">\n        <img decoding=\"async\" src=\"https:\/\/demo.rankmedya.net\/OzanSeymenDE\/wp-content\/uploads\/2025\/04\/hurriyetaile4.jpg\"><\/p>\n<p>H\u00fcrriyet Aile<\/p>\n<\/p><\/div>\n<div class=\"col-md-3\">\n        <img decoding=\"async\" src=\"https:\/\/demo.rankmedya.net\/OzanSeymenDE\/wp-content\/uploads\/2025\/04\/milliyetpembenar.png\"><\/p>\n<p>Milliyet Pembe Nar<\/p>\n<\/p><\/div>\n<div class=\"col-md-3\">\n        <img decoding=\"async\" src=\"https:\/\/demo.rankmedya.net\/OzanSeymenDE\/wp-content\/uploads\/2025\/04\/milliyetpembenar2.png\"><\/p>\n<p>Milliyet Pembe Nar<\/p>\n<\/p><\/div>\n<\/div>\n<div class=\"row\">\n<div class=\"col-md-3\">\n        <img decoding=\"async\" src=\"https:\/\/demo.rankmedya.net\/OzanSeymenDE\/wp-content\/uploads\/2025\/04\/milliyetpembenar3.jpg\"><\/p>\n<p>Milliyet Pembe Nar<\/p>\n<\/p><\/div>\n<div class=\"col-md-3\">\n        <img decoding=\"async\" src=\"https:\/\/demo.rankmedya.net\/OzanSeymenDE\/wp-content\/uploads\/2025\/04\/milliyetpembenar4.jpg\"><\/p>\n<p>Milliyet Pembe Nar<\/p>\n<\/p><\/div>\n<div class=\"col-md-3\">\n        <img decoding=\"async\" src=\"https:\/\/demo.rankmedya.net\/OzanSeymenDE\/wp-content\/uploads\/2025\/04\/postahaber1.png\"><\/p>\n<p>Posta<\/p>\n<\/p><\/div>\n<div class=\"col-md-3\">\n        <img decoding=\"async\" src=\"https:\/\/demo.rankmedya.net\/OzanSeymenDE\/wp-content\/uploads\/2025\/04\/postahaber2.png\"><\/p>\n<p>Posta<\/p>\n<\/p><\/div>\n<\/div>\n<div class=\"row\">\n<div class=\"col-md-3\">\n        <img decoding=\"async\" src=\"https:\/\/demo.rankmedya.net\/OzanSeymenDE\/wp-content\/uploads\/2025\/04\/postahaber3.jpg\"><\/p>\n<p>Posta<\/p>\n<\/p><\/div>\n<div class=\"col-md-3\">\n        <img decoding=\"async\" src=\"https:\/\/demo.rankmedya.net\/OzanSeymenDE\/wp-content\/uploads\/2025\/04\/postahaber4.jpg\"><\/p>\n<p>Posta<\/p>\n<\/p><\/div>\n<\/div>\n","protected":false},"excerpt":{"rendered":"<p>Ak\u015fam Gazetesi Anne Bebek Dergisi Anne Bebek Dergisi Cumhuriyet Gazetesi S\u00f6zc\u00fc Gazetesi Milliyet Gazetesi T\u00fcrkiye TGRT Haber Vatan Haber S\u00f6zc\u00fc Haber MYNET Haber Haber Global H\u00fcrriyet H\u00fcrriyet Mahmure Yeni \u015eafak Formsante Formsante Formsante Habert\u00fcrk Habert\u00fcrk Habert\u00fcrk CNN T\u00fcrk CNN T\u00fcrk Haber NTV Haber NTV Haber NTV Haber H\u00fcrriyet Aile H\u00fcrriyet Aile H\u00fcrriyet Aile H\u00fcrriyet Aile [&hellip;]<\/p>\n","protected":false},"author":1,"featured_media":0,"parent":0,"menu_order":0,"comment_status":"closed","ping_status":"closed","template":"","meta":{"footnotes":""},"class_list":["post-136","page","type-page","status-publish","hentry"],"_links":{"self":[{"href":"https:\/\/www.ozanseymen.com\/fr\/wp-json\/wp\/v2\/pages\/136","targetHints":{"allow":["GET"]}}],"collection":[{"href":"https:\/\/www.ozanseymen.com\/fr\/wp-json\/wp\/v2\/pages"}],"about":[{"href":"https:\/\/www.ozanseymen.com\/fr\/wp-json\/wp\/v2\/types\/page"}],"author":[{"embeddable":true,"href":"https:\/\/www.ozanseymen.com\/fr\/wp-json\/wp\/v2\/users\/1"}],"replies":[{"embeddable":true,"href":"https:\/\/www.ozanseymen.com\/fr\/wp-json\/wp\/v2\/comments?post=136"}],"version-history":[{"count":7,"href":"https:\/\/www.ozanseymen.com\/fr\/wp-json\/wp\/v2\/pages\/136\/revisions"}],"predecessor-version":[{"id":921,"href":"https:\/\/www.ozanseymen.com\/fr\/wp-json\/wp\/v2\/pages\/136\/revisions\/921"}],"wp:attachment":[{"href":"https:\/\/www.ozanseymen.com\/fr\/wp-json\/wp\/v2\/media?parent=136"}],"curies":[{"name":"wp","href":"https:\/\/api.w.org\/{rel}","templated":true}]}}