{"id":132,"date":"2025-04-21T12:52:49","date_gmt":"2025-04-21T09:52:49","guid":{"rendered":"https:\/\/www.ozanseymen.com\/fr\/?page_id=132"},"modified":"2025-11-24T13:10:37","modified_gmt":"2025-11-24T10:10:37","slug":"communication","status":"publish","type":"page","link":"https:\/\/www.ozanseymen.com\/fr\/communication\/","title":{"rendered":"Communication"},"content":{"rendered":"<div class=\"row\">\n<div class=\"col-md-6\"><iframe loading=\"lazy\" style=\"border: 0;\" src=\"https:\/\/www.google.com\/maps\/embed?pb=!1m18!1m12!1m3!1d3012.959597462981!2d29.07823677644834!3d40.9604639223671!2m3!1f0!2f0!3f0!3m2!1i1024!2i768!4f13.1!3m3!1m2!1s0x14cac89e1097c5db%3A0xacb0ca37d81dcd70!2sProf.%20Dr.%20Ozan%20Seymen%20SEZEN%20-%20KBB%20Ba%C5%9F%20ve%20Boyun%20Cerrahisi%20Uzman%C4%B1%20-%20Burun%20Ameliyat%C4%B1!5e0!3m2!1str!2str!4v1745840482141!5m2!1str!2str\" width=\"100%\" height=\"500\" allowfullscreen=\"allowfullscreen\"><\/iframe><\/div>\n<div class=\"col-md-6\">\n<h3>Coordonn\u00e9es<\/h3>\n<p><strong>Adresse :<\/strong> Suadiye, Ba\u011fdat Cad., P\u0131nar Apt., Kat : 1, No : 5, Kad\u0131k\u00f6y\/\u0130stanbul<\/p>\n<p><strong>T\u00e9l\u00e9phone :<\/strong> <a href=\"tel:+90 545 422 07 34\">+90 545 422 07 34<\/a><\/p>\n<p><strong>Whatsapp :<\/strong> <a href=\"https:\/\/api.whatsapp.com\/send?phone=905454220734\" target=\"_blank\" rel=\"noopener\">+90 545 422 07 34<\/a><\/p>\n<p><strong>E-mail :<\/strong> <a href=\"mailto:info@ozanseymen.com\">info@ozanseymen.com<\/a><\/p>\n<h3>Horaires d\u2019ouverture<\/h3>\n<p><strong>Lundi \u2013 Vendredi :<\/strong> 10:00 \u2013 19:00<\/p>\n<p><strong>Samedi :<\/strong> 10:00 \u2013 16:00<\/p>\n<p><strong>Dimanche :<\/strong> Ferm\u00e9<\/p>\n<hr \/>\n<\/div>\n<\/div>\n","protected":false},"excerpt":{"rendered":"<p>Coordonn\u00e9es Adresse : Suadiye, Ba\u011fdat Cad., P\u0131nar Apt., Kat : 1, No : 5, Kad\u0131k\u00f6y\/\u0130stanbul T\u00e9l\u00e9phone : +90 545 422 07 34 Whatsapp : +90 545 422 07 34 E-mail : info@ozanseymen.com Horaires d\u2019ouverture Lundi \u2013 Vendredi : 10:00 \u2013 19:00 Samedi : 10:00 \u2013 16:00 Dimanche : Ferm\u00e9<\/p>\n","protected":false},"author":1,"featured_media":0,"parent":0,"menu_order":0,"comment_status":"closed","ping_status":"closed","template":"","meta":{"footnotes":""},"class_list":["post-132","page","type-page","status-publish","hentry"],"_links":{"self":[{"href":"https:\/\/www.ozanseymen.com\/fr\/wp-json\/wp\/v2\/pages\/132","targetHints":{"allow":["GET"]}}],"collection":[{"href":"https:\/\/www.ozanseymen.com\/fr\/wp-json\/wp\/v2\/pages"}],"about":[{"href":"https:\/\/www.ozanseymen.com\/fr\/wp-json\/wp\/v2\/types\/page"}],"author":[{"embeddable":true,"href":"https:\/\/www.ozanseymen.com\/fr\/wp-json\/wp\/v2\/users\/1"}],"replies":[{"embeddable":true,"href":"https:\/\/www.ozanseymen.com\/fr\/wp-json\/wp\/v2\/comments?post=132"}],"version-history":[{"count":5,"href":"https:\/\/www.ozanseymen.com\/fr\/wp-json\/wp\/v2\/pages\/132\/revisions"}],"predecessor-version":[{"id":958,"href":"https:\/\/www.ozanseymen.com\/fr\/wp-json\/wp\/v2\/pages\/132\/revisions\/958"}],"wp:attachment":[{"href":"https:\/\/www.ozanseymen.com\/fr\/wp-json\/wp\/v2\/media?parent=132"}],"curies":[{"name":"wp","href":"https:\/\/api.w.org\/{rel}","templated":true}]}}