{"id":94,"date":"2025-04-21T12:05:32","date_gmt":"2025-04-21T09:05:32","guid":{"rendered":"https:\/\/www.ozanseymen.com\/de\/?page_id=94"},"modified":"2025-05-13T11:13:06","modified_gmt":"2025-05-13T08:13:06","slug":"kvkk-betroffenenantrag","status":"publish","type":"page","link":"https:\/\/www.ozanseymen.com\/de\/kvkk-betroffenenantrag\/","title":{"rendered":"KVKK-Betroffenenantrag"},"content":{"rendered":"<p>Sie k\u00f6nnen Ihre Rechte gem\u00e4\u00df Artikel 11 des Gesetzes Nr. 6698 zum Schutz personenbezogener Daten sowie die Art und Weise ihrer Aus\u00fcbung in der Ihnen zur Verf\u00fcgung gestellten Datenschutzerkl\u00e4rung einsehen. Ihre Anfragen im Rahmen dieser Rechte k\u00f6nnen Sie \u00fcber das vollst\u00e4ndig ausgef\u00fcllte Antragsformular auf einem der unten erl\u00e4uterten Wege an unser Unternehmen richten.<\/p>\n<p><strong>F\u00fcr Antr\u00e4ge per Einschreiben mit R\u00fcckschein, \u00fcber den Notar oder durch pers\u00f6nliche Abgabe:<\/strong><br \/>\nNachdem Sie das Antragsformular ausgef\u00fcllt und unterschrieben haben, k\u00f6nnen Sie es an folgende Adresse senden, wobei Sie auf dem Umschlag\/der Mitteilung den Vermerk \u201eAntrag gem\u00e4\u00df dem Gesetz zum Schutz personenbezogener Daten\u201c anbringen m\u00fcssen:<br \/>\nBarbaros Mahallesi, Ak Zambak Sokak, UpHill Tower, B Kule, Etage: 13, Wohnung: 74, Ata\u015fehir \u2013 Istanbul.<\/p>\n<p><strong>F\u00fcr Antr\u00e4ge per E-Mail:<\/strong><br \/>\nNachdem Sie das Antragsformular ausgef\u00fcllt und unterschrieben haben, k\u00f6nnen Sie es \u00fcber Ihre bei unserem Unternehmen registrierte E-Mail-Adresse an info@ozanseymen.com senden. Im Betreff der E-Mail muss \u201eAntrag gem\u00e4\u00df dem Gesetz zum Schutz personenbezogener Daten\u201c angegeben werden.<br \/>\nBei allen Antr\u00e4gen ist es erforderlich, dass die Identit\u00e4t des Antragstellers nachgewiesen wird.<br \/>\nIhre Antr\u00e4ge, die uns erreichen, werden so schnell wie m\u00f6glich, sp\u00e4testens jedoch innerhalb von 30 (drei\u00dfig) Tagen ab Eingang Ihrer Anfrage, je nach Ihrer Wahl schriftlich oder auf elektronischem Wege beantwortet.<\/p>\n<p><strong>Was sind Ihre Rechte?<\/strong><br \/>\n\u2022 Zu erfahren, ob Ihre personenbezogenen Daten verarbeitet werden,<br \/>\n\u2022 Falls Ihre personenbezogenen Daten verarbeitet wurden, Informationen dar\u00fcber anzufordern,<br \/>\n\u2022 Den Zweck der Verarbeitung Ihrer personenbezogenen Daten und deren zweckm\u00e4\u00dfige Verwendung zu erfahren,<br \/>\n\u2022 Zu erfahren, ob Ihre personenbezogenen Daten an Dritte im In- oder Ausland \u00fcbermittelt wurden,<br \/>\n\u2022 Die Berichtigung Ihrer unvollst\u00e4ndig oder falsch verarbeiteten personenbezogenen Daten zu verlangen und in diesem Zusammenhang die Benachrichtigung Dritter, an die die Daten \u00fcbermittelt wurden,<br \/>\n\u2022 Die L\u00f6schung oder Vernichtung Ihrer personenbezogenen Daten zu verlangen, wenn die Gr\u00fcnde f\u00fcr deren Verarbeitung entfallen, auch wenn sie im Einklang mit dem Gesetz und anderen einschl\u00e4gigen Vorschriften verarbeitet wurden, und in diesem Zusammenhang die Benachrichtigung Dritter, an die die Daten \u00fcbermittelt wurden,<br \/>\n\u2022 Der Entstehung eines Ergebnisses, das gegen Sie spricht, durch die ausschlie\u00dfliche Analyse Ihrer verarbeiteten Daten mittels automatischer Systeme zu widersprechen,<br \/>\n\u2022 Im Falle eines Schadens durch unrechtm\u00e4\u00dfige Verarbeitung Ihrer personenbezogenen Daten, die Beseitigung des Schadens zu verlangen.<\/p>\n","protected":false},"excerpt":{"rendered":"<p>Sie k\u00f6nnen Ihre Rechte gem\u00e4\u00df Artikel 11 des Gesetzes Nr. 6698 zum Schutz personenbezogener Daten sowie die Art und Weise ihrer Aus\u00fcbung in der Ihnen zur Verf\u00fcgung gestellten Datenschutzerkl\u00e4rung einsehen. Ihre Anfragen im Rahmen dieser Rechte k\u00f6nnen Sie \u00fcber das vollst\u00e4ndig ausgef\u00fcllte Antragsformular auf einem der unten erl\u00e4uterten Wege an unser Unternehmen richten. F\u00fcr Antr\u00e4ge [&hellip;]<\/p>\n","protected":false},"author":1,"featured_media":0,"parent":0,"menu_order":0,"comment_status":"closed","ping_status":"closed","template":"","meta":{"footnotes":""},"class_list":["post-94","page","type-page","status-publish","hentry"],"_links":{"self":[{"href":"https:\/\/www.ozanseymen.com\/de\/wp-json\/wp\/v2\/pages\/94","targetHints":{"allow":["GET"]}}],"collection":[{"href":"https:\/\/www.ozanseymen.com\/de\/wp-json\/wp\/v2\/pages"}],"about":[{"href":"https:\/\/www.ozanseymen.com\/de\/wp-json\/wp\/v2\/types\/page"}],"author":[{"embeddable":true,"href":"https:\/\/www.ozanseymen.com\/de\/wp-json\/wp\/v2\/users\/1"}],"replies":[{"embeddable":true,"href":"https:\/\/www.ozanseymen.com\/de\/wp-json\/wp\/v2\/comments?post=94"}],"version-history":[{"count":3,"href":"https:\/\/www.ozanseymen.com\/de\/wp-json\/wp\/v2\/pages\/94\/revisions"}],"predecessor-version":[{"id":760,"href":"https:\/\/www.ozanseymen.com\/de\/wp-json\/wp\/v2\/pages\/94\/revisions\/760"}],"wp:attachment":[{"href":"https:\/\/www.ozanseymen.com\/de\/wp-json\/wp\/v2\/media?parent=94"}],"curies":[{"name":"wp","href":"https:\/\/api.w.org\/{rel}","templated":true}]}}