{"id":360,"date":"2025-04-24T12:38:25","date_gmt":"2025-04-24T09:38:25","guid":{"rendered":"https:\/\/www.ozanseymen.com\/de\/?page_id=360"},"modified":"2025-05-13T12:09:01","modified_gmt":"2025-05-13T09:09:01","slug":"was-erwarten-patienten-die-aus-dem-ausland-in-die-turkei-kommen","status":"publish","type":"page","link":"https:\/\/www.ozanseymen.com\/de\/was-erwarten-patienten-die-aus-dem-ausland-in-die-turkei-kommen\/","title":{"rendered":"Was erwarten Patienten die aus dem Ausland in die T\u00fcrkei kommen?"},"content":{"rendered":"<h4><strong>Was erwartet Patienten, die aus dem Ausland in die T\u00fcrkei kommen?<\/strong><\/h4>\n<p>F\u00fcr unsere Patienten, die aus dem Ausland in die T\u00fcrkei kommen, ist der Ablauf \u00e4u\u00dferst einfach und sicher. Noch vor Ihrer Ankunft in der T\u00fcrkei wird durch eine ausf\u00fchrliche Kommunikation mit Ihnen der Behandlungsprozess geplant und ein Online-Gespr\u00e4ch gef\u00fchrt. Alle Details \u2013 von der Abholung am Flughafen bis hin zur Organisation von Unterkunft und Transport \u2013 werden sorgf\u00e4ltig arrangiert.<\/p>\n<p>Vor Beginn der Behandlung wird Ihre Situation in einem pers\u00f6nlichen Beratungsgespr\u00e4ch beurteilt und ein individueller Behandlungsplan erstellt. W\u00e4hrend der Behandlung und auch danach wird kontinuierliche Unterst\u00fctzung angeboten, sodass Sie sich w\u00e4hrend des gesamten Prozesses sicher und wohl f\u00fchlen.<\/p>\n<p><strong>Warum sollten sich Patienten aus dem Ausland f\u00fcr Prof. Dr. Ozan Seymen Sezen entscheiden?<\/strong><\/p>\n<p>Prof. Dr. Ozan Seymen Sezen ist ein weltweit anerkannter Experte auf dem Gebiet der HNO-Heilkunde sowie der Kopf- und Halschirurgie. Mit seiner umfassenden Erfahrung, modernen medizinischen Techniken und patientenorientierten Herangehensweise ist er auch international ein vertrauensw\u00fcrdiger Name geworden.<\/p>\n<p>Da er alle Operationen im Bereich der HNO-Chirurgie einschlie\u00dflich onkologischer Eingriffe beherrscht, wird Ihre Behandlung aus einer besonders detaillierten Perspektive geplant. Er verfolgt wissenschaftliche Entwicklungen genau und wendet stets die neuesten modernen Techniken an. Prof. Dr. Sezen bestimmt f\u00fcr jeden seiner Patienten die am besten geeigneten Behandlungsmethoden und erzielt durch innovative chirurgische Verfahren sowohl \u00e4sthetisch als auch funktional hervorragende Ergebnisse.<\/p>\n<p>Zudem bietet er w\u00e4hrend des gesamten Behandlungsprozesses kontinuierliche Kommunikation und Unterst\u00fctzung, sodass Sie sich in jeder Phase Ihrer Behandlung in der T\u00fcrkei sicher f\u00fchlen k\u00f6nnen. Aus diesen Gr\u00fcnden ist er die beste Wahl f\u00fcr Patienten aus dem Ausland.<\/p>\n","protected":false},"excerpt":{"rendered":"<p>Was erwartet Patienten, die aus dem Ausland in die T\u00fcrkei kommen? F\u00fcr unsere Patienten, die aus dem Ausland in die T\u00fcrkei kommen, ist der Ablauf \u00e4u\u00dferst einfach und sicher. Noch vor Ihrer Ankunft in der T\u00fcrkei wird durch eine ausf\u00fchrliche Kommunikation mit Ihnen der Behandlungsprozess geplant und ein Online-Gespr\u00e4ch gef\u00fchrt. Alle Details \u2013 von der [&hellip;]<\/p>\n","protected":false},"author":1,"featured_media":0,"parent":0,"menu_order":0,"comment_status":"closed","ping_status":"closed","template":"","meta":{"footnotes":""},"class_list":["post-360","page","type-page","status-publish","hentry"],"_links":{"self":[{"href":"https:\/\/www.ozanseymen.com\/de\/wp-json\/wp\/v2\/pages\/360","targetHints":{"allow":["GET"]}}],"collection":[{"href":"https:\/\/www.ozanseymen.com\/de\/wp-json\/wp\/v2\/pages"}],"about":[{"href":"https:\/\/www.ozanseymen.com\/de\/wp-json\/wp\/v2\/types\/page"}],"author":[{"embeddable":true,"href":"https:\/\/www.ozanseymen.com\/de\/wp-json\/wp\/v2\/users\/1"}],"replies":[{"embeddable":true,"href":"https:\/\/www.ozanseymen.com\/de\/wp-json\/wp\/v2\/comments?post=360"}],"version-history":[{"count":3,"href":"https:\/\/www.ozanseymen.com\/de\/wp-json\/wp\/v2\/pages\/360\/revisions"}],"predecessor-version":[{"id":784,"href":"https:\/\/www.ozanseymen.com\/de\/wp-json\/wp\/v2\/pages\/360\/revisions\/784"}],"wp:attachment":[{"href":"https:\/\/www.ozanseymen.com\/de\/wp-json\/wp\/v2\/media?parent=360"}],"curies":[{"name":"wp","href":"https:\/\/api.w.org\/{rel}","templated":true}]}}